{"id":14,"date":"2020-04-05T00:29:44","date_gmt":"2020-04-05T00:29:44","guid":{"rendered":"http:\/\/afrisol.de\/german\/?page_id=14"},"modified":"2020-05-12T11:36:50","modified_gmt":"2020-05-12T11:36:50","slug":"produkte","status":"publish","type":"page","link":"https:\/\/afrisol.de\/german\/index.php\/produkte\/","title":{"rendered":"Produkte"},"content":{"rendered":"\n<p>Eein deutsches Unternehmen mit Produktion in Ghana\/West Afrika und spezialisiert auf die Herstellung von Sheabutter, Baobab-, Palmkern- und Neem\u00f6l. Bei Bedarf verarbeiten wir auch Kakaobutter und Kokos\u00f6l und liefern Moringa, Schwarzk\u00fcmmel\u00f6l und Hibiskus. Unsere Jahreskapazit\u00e4t liegt bei 50 Tonnen Sheabutter, die Kapazit\u00e4t unserer Abf\u00fcllanlage f\u00fcr Kosmetik liegt bei ca. 8000 Tiegeln pro Tag.<\/p>\n\n\n\n<p>Wir produzieren ausschlie\u00dflich naturbelassene Ware ohne Zusatzstoffe und haben eine starke Affinit\u00e4t zum Thema &#8222;social Enterprise&#8220;.<\/p>\n\n\n\n<p>Unter dem Label SOLAFRIC produzieren wir au\u00dferdem Kosmetika und M\u00fccken\/Zeckenabwehrcremes auf Basis unserer Rohprodukte, rein mechanisch, ohne jeglichen Einsatz von Chemie.<\/p>\n\n\n\n<p>Im Februar 2018 begannen wir mit der Produktion von schwarzer Seife aus Sheabutter sowie Schwarzk\u00fcmmel\u00f6l, welche durch Ihren hohen Nutzwert schnell eine gute Marktakzeptanz fanden.<\/p>\n\n\n\n<p>Bio Zertifizierung&nbsp; ECOCERT liegt F\u00fcr Sheabutter und \u2013 seife&nbsp; vor, wir handeln jedoch \u00f6kologisch und nachhaltig aus \u00dcberzeugung!<\/p>\n\n\n\n<p><strong>Daher sehen wir gerne von weiteren Besch\u00e4ftigungsma\u00dfnahmen und (Schutz-)Geldzahlungen an diverse \u00d6ko-Kartelle f\u00fcr wenig sinnhaltige Zertifizierung ab.<\/strong><\/p>\n\n\n\n<p><strong>Wir wollen mit unserem Engagement, erstklassiger Qualit\u00e4t&nbsp; sowie&nbsp; nachhaltigem Denken und Handeln \u00fcberzeugen, nicht durch Marketing Gags!<\/strong><\/p>\n\n\n\n<p><strong>Private Label\/Lohnfertigung<\/strong><\/p>\n\n\n\n<p>Gerne unterbreiten wir Ihnen ein Angebot f\u00fcr die Lieferung gefilterter, unraffinierter Sheabutter, Baobab \u00d6l, Kokos+ Neem\u00f6l, und\/ oder eine private Label Fertigung;&nbsp; auch in plastikfreier Verpackung (Kalebasse, Glas, Keramik oder Holztiegel).<\/p>\n\n\n\n<p><strong>Produktentwicklung<\/strong><\/p>\n\n\n\n<p>Mit Freude&nbsp; entwickeln wir gemeinsam mit Ihnen&nbsp; anwendungs-spezifische Produkte auf Basis unserer Philosophie und Rohstoffe&nbsp; f\u00fcr Ihren Bedarf.<\/p>\n","protected":false},"excerpt":{"rendered":"<p>Eein deutsches Unternehmen mit Produktion in Ghana\/West Afrika und spezialisiert auf die Herstellung von Sheabutter, Baobab-, Palmkern- und Neem&ouml;l. Bei Bedarf verarbeiten wir auch Kakaobutter und Kokos&ouml;l und liefern Moringa, Schwarzk&uuml;mmel&ouml;l und Hibiskus. Unsere Jahreskapazit&auml;t liegt bei 50 Tonnen Sheabutter, die Kapazit&auml;t unserer Abf&uuml;llanlage f&uuml;r Kosmetik liegt bei ca. 8000 Tiegeln pro Tag. Wir produzieren<span class=\"read-more-faq\"><a href=\"https:\/\/afrisol.de\/german\/index.php\/produkte\/\">Read More<\/a><\/span><\/p>\n","protected":false},"author":1,"featured_media":0,"parent":0,"menu_order":0,"comment_status":"closed","ping_status":"closed","template":"","meta":{"footnotes":""},"yoast_head":"<!-- This site is optimized with the Yoast SEO plugin v22.7 - https:\/\/yoast.com\/wordpress\/plugins\/seo\/ -->\n<title>Produkte - Kosmetik &amp; Wellness in Deutschland<\/title>\n<meta name=\"robots\" content=\"index, follow, max-snippet:-1, max-image-preview:large, max-video-preview:-1\" \/>\n<link rel=\"canonical\" href=\"https:\/\/afrisol.de\/german\/index.php\/produkte\/\" \/>\n<meta property=\"og:locale\" content=\"de_DE\" \/>\n<meta property=\"og:type\" content=\"article\" \/>\n<meta property=\"og:title\" content=\"Produkte - Kosmetik &amp; Wellness in Deutschland\" \/>\n<meta property=\"og:description\" content=\"Eein deutsches Unternehmen mit Produktion in Ghana\/West Afrika und spezialisiert auf die Herstellung von Sheabutter, Baobab-, Palmkern- und Neem&ouml;l. Bei Bedarf verarbeiten wir auch Kakaobutter und Kokos&ouml;l und liefern Moringa, Schwarzk&uuml;mmel&ouml;l und Hibiskus. Unsere Jahreskapazit&auml;t liegt bei 50 Tonnen Sheabutter, die Kapazit&auml;t unserer Abf&uuml;llanlage f&uuml;r Kosmetik liegt bei ca. 8000 Tiegeln pro Tag. Wir produzierenRead More\" \/>\n<meta property=\"og:url\" content=\"https:\/\/afrisol.de\/german\/index.php\/produkte\/\" \/>\n<meta property=\"og:site_name\" content=\"Kosmetik &amp; Wellness in Deutschland\" \/>\n<meta property=\"article:modified_time\" content=\"2020-05-12T11:36:50+00:00\" \/>\n<meta name=\"twitter:card\" content=\"summary_large_image\" \/>\n<meta name=\"twitter:label1\" content=\"Gesch\u00e4tzte Lesezeit\" \/>\n\t<meta name=\"twitter:data1\" content=\"1\u00a0Minute\" \/>\n<script type=\"application\/ld+json\" class=\"yoast-schema-graph\">{\"@context\":\"https:\/\/schema.org\",\"@graph\":[{\"@type\":\"WebPage\",\"@id\":\"https:\/\/afrisol.de\/german\/index.php\/produkte\/\",\"url\":\"https:\/\/afrisol.de\/german\/index.php\/produkte\/\",\"name\":\"Produkte - Kosmetik &amp; Wellness in Deutschland\",\"isPartOf\":{\"@id\":\"https:\/\/afrisol.de\/german\/#website\"},\"datePublished\":\"2020-04-05T00:29:44+00:00\",\"dateModified\":\"2020-05-12T11:36:50+00:00\",\"breadcrumb\":{\"@id\":\"https:\/\/afrisol.de\/german\/index.php\/produkte\/#breadcrumb\"},\"inLanguage\":\"de\",\"potentialAction\":[{\"@type\":\"ReadAction\",\"target\":[\"https:\/\/afrisol.de\/german\/index.php\/produkte\/\"]}]},{\"@type\":\"BreadcrumbList\",\"@id\":\"https:\/\/afrisol.de\/german\/index.php\/produkte\/#breadcrumb\",\"itemListElement\":[{\"@type\":\"ListItem\",\"position\":1,\"name\":\"Home\",\"item\":\"https:\/\/afrisol.de\/german\/\"},{\"@type\":\"ListItem\",\"position\":2,\"name\":\"Produkte\"}]},{\"@type\":\"WebSite\",\"@id\":\"https:\/\/afrisol.de\/german\/#website\",\"url\":\"https:\/\/afrisol.de\/german\/\",\"name\":\"Kosmetik &amp; Wellness in Deutschland\",\"description\":\"offer a wide range of products for Skin care, manicure, pedicure, Hair- &amp; Beardcare and general Wellness products, superfoods and medicinal herbs.  Check our webshop to explore the wealth of natural African treasures for Hair Salons, cosmetologists, and aestheticians as well as private users.\",\"publisher\":{\"@id\":\"https:\/\/afrisol.de\/german\/#organization\"},\"potentialAction\":[{\"@type\":\"SearchAction\",\"target\":{\"@type\":\"EntryPoint\",\"urlTemplate\":\"https:\/\/afrisol.de\/german\/?s={search_term_string}\"},\"query-input\":\"required name=search_term_string\"}],\"inLanguage\":\"de\"},{\"@type\":\"Organization\",\"@id\":\"https:\/\/afrisol.de\/german\/#organization\",\"name\":\"Kosmetik &amp; Wellness in Deutschland\",\"url\":\"https:\/\/afrisol.de\/german\/\",\"logo\":{\"@type\":\"ImageObject\",\"inLanguage\":\"de\",\"@id\":\"https:\/\/afrisol.de\/german\/#\/schema\/logo\/image\/\",\"url\":\"https:\/\/afrisol.de\/german\/wp-content\/uploads\/2020\/04\/logo-1.png\",\"contentUrl\":\"https:\/\/afrisol.de\/german\/wp-content\/uploads\/2020\/04\/logo-1.png\",\"width\":90,\"height\":94,\"caption\":\"Kosmetik &amp; Wellness in Deutschland\"},\"image\":{\"@id\":\"https:\/\/afrisol.de\/german\/#\/schema\/logo\/image\/\"}}]}<\/script>\n<!-- \/ Yoast SEO plugin. -->","yoast_head_json":{"title":"Produkte - Kosmetik &amp; Wellness in Deutschland","robots":{"index":"index","follow":"follow","max-snippet":"max-snippet:-1","max-image-preview":"max-image-preview:large","max-video-preview":"max-video-preview:-1"},"canonical":"https:\/\/afrisol.de\/german\/index.php\/produkte\/","og_locale":"de_DE","og_type":"article","og_title":"Produkte - Kosmetik &amp; Wellness in Deutschland","og_description":"Eein deutsches Unternehmen mit Produktion in Ghana\/West Afrika und spezialisiert auf die Herstellung von Sheabutter, Baobab-, Palmkern- und Neem&ouml;l. Bei Bedarf verarbeiten wir auch Kakaobutter und Kokos&ouml;l und liefern Moringa, Schwarzk&uuml;mmel&ouml;l und Hibiskus. Unsere Jahreskapazit&auml;t liegt bei 50 Tonnen Sheabutter, die Kapazit&auml;t unserer Abf&uuml;llanlage f&uuml;r Kosmetik liegt bei ca. 8000 Tiegeln pro Tag. Wir produzierenRead More","og_url":"https:\/\/afrisol.de\/german\/index.php\/produkte\/","og_site_name":"Kosmetik &amp; Wellness in Deutschland","article_modified_time":"2020-05-12T11:36:50+00:00","twitter_card":"summary_large_image","twitter_misc":{"Gesch\u00e4tzte Lesezeit":"1\u00a0Minute"},"schema":{"@context":"https:\/\/schema.org","@graph":[{"@type":"WebPage","@id":"https:\/\/afrisol.de\/german\/index.php\/produkte\/","url":"https:\/\/afrisol.de\/german\/index.php\/produkte\/","name":"Produkte - Kosmetik &amp; Wellness in Deutschland","isPartOf":{"@id":"https:\/\/afrisol.de\/german\/#website"},"datePublished":"2020-04-05T00:29:44+00:00","dateModified":"2020-05-12T11:36:50+00:00","breadcrumb":{"@id":"https:\/\/afrisol.de\/german\/index.php\/produkte\/#breadcrumb"},"inLanguage":"de","potentialAction":[{"@type":"ReadAction","target":["https:\/\/afrisol.de\/german\/index.php\/produkte\/"]}]},{"@type":"BreadcrumbList","@id":"https:\/\/afrisol.de\/german\/index.php\/produkte\/#breadcrumb","itemListElement":[{"@type":"ListItem","position":1,"name":"Home","item":"https:\/\/afrisol.de\/german\/"},{"@type":"ListItem","position":2,"name":"Produkte"}]},{"@type":"WebSite","@id":"https:\/\/afrisol.de\/german\/#website","url":"https:\/\/afrisol.de\/german\/","name":"Kosmetik &amp; Wellness in Deutschland","description":"offer a wide range of products for Skin care, manicure, pedicure, Hair- &amp; Beardcare and general Wellness products, superfoods and medicinal herbs.  Check our webshop to explore the wealth of natural African treasures for Hair Salons, cosmetologists, and aestheticians as well as private users.","publisher":{"@id":"https:\/\/afrisol.de\/german\/#organization"},"potentialAction":[{"@type":"SearchAction","target":{"@type":"EntryPoint","urlTemplate":"https:\/\/afrisol.de\/german\/?s={search_term_string}"},"query-input":"required name=search_term_string"}],"inLanguage":"de"},{"@type":"Organization","@id":"https:\/\/afrisol.de\/german\/#organization","name":"Kosmetik &amp; Wellness in Deutschland","url":"https:\/\/afrisol.de\/german\/","logo":{"@type":"ImageObject","inLanguage":"de","@id":"https:\/\/afrisol.de\/german\/#\/schema\/logo\/image\/","url":"https:\/\/afrisol.de\/german\/wp-content\/uploads\/2020\/04\/logo-1.png","contentUrl":"https:\/\/afrisol.de\/german\/wp-content\/uploads\/2020\/04\/logo-1.png","width":90,"height":94,"caption":"Kosmetik &amp; Wellness in Deutschland"},"image":{"@id":"https:\/\/afrisol.de\/german\/#\/schema\/logo\/image\/"}}]}},"_links":{"self":[{"href":"https:\/\/afrisol.de\/german\/index.php\/wp-json\/wp\/v2\/pages\/14"}],"collection":[{"href":"https:\/\/afrisol.de\/german\/index.php\/wp-json\/wp\/v2\/pages"}],"about":[{"href":"https:\/\/afrisol.de\/german\/index.php\/wp-json\/wp\/v2\/types\/page"}],"author":[{"embeddable":true,"href":"https:\/\/afrisol.de\/german\/index.php\/wp-json\/wp\/v2\/users\/1"}],"replies":[{"embeddable":true,"href":"https:\/\/afrisol.de\/german\/index.php\/wp-json\/wp\/v2\/comments?post=14"}],"version-history":[{"count":3,"href":"https:\/\/afrisol.de\/german\/index.php\/wp-json\/wp\/v2\/pages\/14\/revisions"}],"predecessor-version":[{"id":176,"href":"https:\/\/afrisol.de\/german\/index.php\/wp-json\/wp\/v2\/pages\/14\/revisions\/176"}],"wp:attachment":[{"href":"https:\/\/afrisol.de\/german\/index.php\/wp-json\/wp\/v2\/media?parent=14"}],"curies":[{"name":"wp","href":"https:\/\/api.w.org\/{rel}","templated":true}]}}