{"id":143,"date":"2020-04-05T11:37:05","date_gmt":"2020-04-05T11:37:05","guid":{"rendered":"http:\/\/afrisol.de\/german\/?page_id=143"},"modified":"2020-05-12T11:48:36","modified_gmt":"2020-05-12T11:48:36","slug":"sheabutter","status":"publish","type":"page","link":"https:\/\/afrisol.de\/german\/index.php\/sheabutter\/","title":{"rendered":"Sheabutter"},"content":{"rendered":"\n<p>Urspr\u00fcnglich stammen die ersten Hautpflegeprodukte aus der Natur. Naturreine Pflanzen\u00f6le, die mit ihren wertvollen Inhaltsstoffen die verschiedenen Hauttypen n\u00e4hren, beruhigen und gl\u00e4tten. Reine Sheabutter kann aber noch einiges mehr. Ihre Anwendungsm\u00f6glichkeiten als reine Naturkosmetik sind verbl\u00fcffend.<\/p>\n\n\n\n<h3 class=\"wp-block-heading\">Was ist und woher stammt Sheabutter?<\/h3>\n\n\n\n<p>Sheabutter, auch Karit\u00e9butter genannt, stammt aus den Fr\u00fcchten des Karit\u00e9- Baumes der haupts\u00e4chlich in Afrika w\u00e4chst. Die Fr\u00fcchte des Baumes z\u00e4hlen genaugenommen zur Familie der Beeren, die essbar sind und s\u00fc\u00dflich schmecken. In der gr\u00fcnen Frucht befindet sich ein Kern, die sogenannte Karit\u00e9-Nuss, aus welcher durch ein mechanisches Trennverfahren die reine Karit\u00e9butter gewonnen wird. Die N\u00fcsse werden von Frauenkooperativen gesammelt und verarbeitet und bilden eine nachhaltige Einkommensquelle. Seit Jahrhunderten wird Sheabutter in Afrika als Creme, Salbe und Heilmittel verwendet.<\/p>\n\n\n\n<p>In neuerer Zeit findet denaturierte Sheabutter neben dem Einsatz in der Pharmazie immer h\u00e4ufiger Anwendung als Ersatz f\u00fcr Kakaobutter bei der Schokoladenherstellung, als Trennmittel bei der Geb\u00e4ckherstellung und als veganer Ersatz f\u00fcr tierische Fette.<\/p>\n\n\n\n<p>Naturbelassene Sheabutter h\u00e4lt sich in der Regel viele Jahre durch Ihren hohen Gehalt an Antioxidantien ohne Zusatz von Konservierungsstoffen, wenn Sie luftdicht verschlossen und k\u00fchl aufbewahrt wird. Ihre Farbe reicht von cremeweiss bis gr\u00fcn-gelblich. Sheabutter wird h\u00e4ufig durch Zusatz von Wurzeln bei der Produktion gelb eingef\u00e4rbt.<\/p>\n\n\n\n<p>Der Geruch ist leicht nussig, s\u00fc\u00dflich samtig. Ihre Inhaltsstoffe sind derart vielf\u00e4ltig,<\/p>\n\n\n\n<p><img decoding=\"async\" width=\"185\" height=\"157\" src=\"\" alt=\"\u00c4hnliches Foto\">dass sie bereits wissenschaftlich auf ihre heilenden und pflegenden Eigenschaften untersucht und diese nachgewiesen wurden. Als naturreine Hautpflege, ohne jegliche Zusatzstoffe, ist sie auf jeden Fall f\u00fcr jeden Hauttyp interessant und empfehlenswert.<\/p>\n\n\n\n<p>Besonders empfohlen wird die Verwendung von Sheabutter f\u00fcr Allergiker und Kleinkinder.<\/p>\n\n\n\n<p>Sheabutter steckt voller Vitamine und Mineralien.<\/p>\n\n\n\n<p>Das alleine macht sie aber noch nicht zu einem au\u00dfergew\u00f6hnlichen Hautpflegeprodukt. Erst die Zusammensetzung weiterer beachtlicher Inhaltsstoffe, l\u00e4sst sie zu einer besonders nennenswerten Kosmetik mit heilenden Eigenschaften werden. Sheabutter ist vor allem reich an \u00d6ls\u00e4uren wie Palmitins\u00e4ure, Linols\u00e4ure oder Stearins\u00e4ure, die isolierend vor Umwelteinfl\u00fcssen sch\u00fctzen, Feuchtigkeit binden, zellregenerierend wirken und die Haut weich und geschmeidig halten.<\/p>\n\n\n\n<p>Kaum ein anderes \u00d6l enth\u00e4lt einen derart hohen Anteil unverseifbarer Bestandteile wie Triterpene, Triterpenalkohole, Vitamin E, Beta Carotin, Allantoin und \u00d6ls\u00e4uren. Sheabutter z\u00e4hlt damit zu einer auffallend regenerierenden Pflege f\u00fcr Menschen, deren Barrierefunktion der Haut gest\u00f6rt ist. Sie h\u00e4lt die Feuchtigkeit in der Haut und lindert die Symptome von extrem trockener Haut, Neurodermitis, Psoriasis oder Ekzemen. Ein ebenso wichtiger Inhaltsstoff ist das Allantoin mit seinen entz\u00fcndungshemmenden, zellregenerierenden und wundheilenden Eigenschaften. Hautirritationen, Ekzeme aber auch chronische, entz\u00fcndliche Prozesse der Haut sprechen sichtbar positiv auf den nat\u00fcrlichen Wirkstoff an.<\/p>\n\n\n\n<p><strong><em>Sheabutter ist ein wirksames Naturprodukt in der Anti Aging Pflege<\/em><\/strong><\/p>\n\n\n\n<h3 class=\"wp-block-heading\">Vielf\u00e4ltige Anwendungsm\u00f6glichkeiten von Sheabutter<\/h3>\n\n\n\n<ul><li>Alternde Haut verliert zunehmend Feuchtigkeit, Spannkraft und neigt dadurch zu Faltenbildung. In der Anti Aging Pflege ist Sheabutter daher ein wirksames und beliebtes Naturprodukt. Neben ihren sch\u00fctzenden Eigenschaften, regt sie die Durchblutung an und wirkt zellregenerierend. Bei regelm\u00e4\u00dfiger Anwendung f\u00fchlt sich Haut schnell wieder zart und aufgepolstert an.<\/li><li>Kleine Wunden oder Risse heilen schneller, wenn man sie mit <a href=\"http:\/\/www.ecowoman.de\/51-familie\/5238-tipps-und-rezepte-fuer-die-pflege-empfindlicher-kinderhaut-im-winter\">Sheabutter<\/a> behandelt.<\/li><li>Hundehalter wissen um die heilende und abschirmende Wirkung an wintergeplagten Pfoten durch Eis, Schnee und Streusalz.<\/li><li>Selbst Narben verblassen schneller und die Haut wird angenehm weich.<\/li><li>Ohne chemische Zusatzstoffe h\u00e4lt Sheabutter die Lippen sch\u00f6n weich und sch\u00fctzt die empfindliche Hautpartie vor sch\u00e4dlichen Umwelteinfl\u00fcssen.<\/li><li>Karit\u00e9butter ist ein Allroundmittel. Trockenes, br\u00fcchiges <a href=\"http:\/\/www.ecowoman.de\/21-mode-kosmetik\/4601-was-tun-gegen-fettige-haare-no-poo-methode-anleitung-nopoo-oeko-haarbuerste\">Haar <\/a>wird regeneriert, wenn man nur ein wenig davon in den H\u00e4nden verreibt und in die feuchten Haarspitzen einmassiert. Mehrere Stunden, am besten \u00fcber Nacht, einwirken lassen und anschlie\u00dfend die Haare ganz normal waschen. Das Haar gl\u00e4nzend und ist wieder leicht k\u00e4mm- und frisierbar. In die <a href=\"http:\/\/www.ecowoman.de\/21-mode-kosmetik\/5254-haare-waschen-ohne-shampoo-und-nur-mit-wasser\">Kopfhaut <\/a>massiert, wirkt Karit\u00e9butter nachhaltig gegen Schuppen und Psoriasis.<\/li><li>In Afrika wird die Naturcreme seit Urzeiten erfolgreich zum Schutz vor Sonne und Wind verwendet. Einmal t\u00e4glich d\u00fcnn \u00fcber den ganzen K\u00f6rper verteilt, f\u00fchlt sich die Haut den ganzen Tag angenehm seidig weich und gepflegt an. Bereits Cleopatra nutzte dieses Geschenk der Natur zur t\u00e4glichen Hautpflege<\/li><li>Heilsame Wirkung konnte Sheabutter bei <a href=\"http:\/\/www.ecowoman.de\/21-mode-kosmetik\/5461-massageoel-selber-machen-natuerlich-kreativ-sein\">Gelenkschmerzen, <\/a>Rheuma und Neurodermitis nachgewiesen werden. \u00dcber l\u00e4ngere Zeit in die betroffenen Stellen massiert, lindert es langsam die Beschwerden der entz\u00fcndeten Gelenke.<br><\/li><\/ul>\n\n\n\n<ul><li>Hier hat <strong>Solafric\u00ae <\/strong>mit <strong>Schmerz-WEG\u00ae <\/strong>ein WIRKSAMES Produkt entwickelt, in welchem durch Zusatz von Senf\u00f6l eine besonders nachhaltige<\/li><\/ul>\n\n\n\n<p>Tiefenwirkung erreicht wird.<\/p>\n\n\n\n<ul><li>Das Hautbild bei Neurodermitis zeigt ebenfalls einen deutlich sichtbaren Effekt nach der Behandlung mit <a href=\"http:\/\/www.ecowoman.de\/21-mode-kosmetik\/4374-handcreme-kukui-biokosmetik-lavendel-pflege-vegane-kosmetik-eco\">Sheabutter. <\/a>Die trockenen Stellen werden weicher, R\u00f6tungen verschwinden und die Haut f\u00fchlt sich wieder elastischer an.<\/li><li>Sheabutter ist ein nat\u00fcrliches Sonnenschutzmittel, in der Regel mit einem Lichtschutzfaktor von 4. Dieser kann durch Beimischung von Kokos\u00f6l erh\u00f6ht werden, durch Zusatz von 10 % Zinkoxid kann ein LSF von 15 erreicht werden<\/li><\/ul>\n\n\n\n<p>Studien belegen noch eine abschwellende Wirkung von Schleimh\u00e4uten bei Schnupfen, ebenso wie eine deutliche Verbesserung von Hauterkrankungen bei Tieren. Sheabutter ist sehr ergiebig. Bereits geringe Mengen reichen aus, um den ganzen K\u00f6rper damit einzureiben. Au\u00dferdem ist Sheabutter extrem reichhaltig. Daher ist es wichtig zu wissen, dass sich die Haut nach der Anwendung nicht fettig sondern samtig anf\u00fchlen sollte. Dann ist die verwendete Menge genau richtig.<\/p>\n\n\n\n<p>Alleine oder vermischt mit anderen wertvollen \u00d6len wie Baobab\u00f6l, Kokos\u00f6l und Kakaobutter kann Sheabutter f\u00fcr alle erdenklichen Kosmetikanwendungen wie Haar- und Nagelpflege, Bartpflege und \u2013 Styling und bei der Pedicure strapazierter F\u00fc\u00dfe eingesetzt werden.<\/p>\n\n\n\n<p>Vermischt mit \u00e4therischen \u00d6len wie Lavendel, Citronelle und Neem\u00f6l wirkt Sheabutter als effizientes Abwehrmittel gegen Fliegen, M\u00fccken und Zecken.<\/p>\n\n\n\n<ul><li><\/li><\/ul>\n","protected":false},"excerpt":{"rendered":"<p>Urspr&uuml;nglich stammen die ersten Hautpflegeprodukte aus der Natur. Naturreine Pflanzen&ouml;le, die mit ihren wertvollen Inhaltsstoffen die verschiedenen Hauttypen n&auml;hren, beruhigen und gl&auml;tten. Reine Sheabutter kann aber noch einiges mehr. Ihre Anwendungsm&ouml;glichkeiten als reine Naturkosmetik sind verbl&uuml;ffend. Was ist und woher stammt Sheabutter? Sheabutter, auch Karit&eacute;butter genannt, stammt aus den Fr&uuml;chten des Karit&eacute;- Baumes der haupts&auml;chlich<span class=\"read-more-faq\"><a href=\"https:\/\/afrisol.de\/german\/index.php\/sheabutter\/\">Read More<\/a><\/span><\/p>\n","protected":false},"author":1,"featured_media":0,"parent":0,"menu_order":0,"comment_status":"closed","ping_status":"closed","template":"","meta":{"footnotes":""},"yoast_head":"<!-- This site is optimized with the Yoast SEO plugin v22.7 - https:\/\/yoast.com\/wordpress\/plugins\/seo\/ -->\n<title>Sheabutter - Kosmetik &amp; Wellness in Deutschland<\/title>\n<meta name=\"robots\" content=\"index, follow, max-snippet:-1, max-image-preview:large, max-video-preview:-1\" \/>\n<link rel=\"canonical\" href=\"https:\/\/afrisol.de\/german\/index.php\/sheabutter\/\" \/>\n<meta property=\"og:locale\" content=\"de_DE\" \/>\n<meta property=\"og:type\" content=\"article\" \/>\n<meta property=\"og:title\" content=\"Sheabutter - Kosmetik &amp; Wellness in Deutschland\" \/>\n<meta property=\"og:description\" content=\"Urspr&uuml;nglich stammen die ersten Hautpflegeprodukte aus der Natur. Naturreine Pflanzen&ouml;le, die mit ihren wertvollen Inhaltsstoffen die verschiedenen Hauttypen n&auml;hren, beruhigen und gl&auml;tten. Reine Sheabutter kann aber noch einiges mehr. Ihre Anwendungsm&ouml;glichkeiten als reine Naturkosmetik sind verbl&uuml;ffend. Was ist und woher stammt Sheabutter? Sheabutter, auch Karit&eacute;butter genannt, stammt aus den Fr&uuml;chten des Karit&eacute;- Baumes der haupts&auml;chlichRead More\" \/>\n<meta property=\"og:url\" content=\"https:\/\/afrisol.de\/german\/index.php\/sheabutter\/\" \/>\n<meta property=\"og:site_name\" content=\"Kosmetik &amp; Wellness in Deutschland\" \/>\n<meta property=\"article:modified_time\" content=\"2020-05-12T11:48:36+00:00\" \/>\n<meta name=\"twitter:card\" content=\"summary_large_image\" \/>\n<meta name=\"twitter:label1\" content=\"Gesch\u00e4tzte Lesezeit\" \/>\n\t<meta name=\"twitter:data1\" content=\"5\u00a0Minuten\" \/>\n<script type=\"application\/ld+json\" class=\"yoast-schema-graph\">{\"@context\":\"https:\/\/schema.org\",\"@graph\":[{\"@type\":\"WebPage\",\"@id\":\"https:\/\/afrisol.de\/german\/index.php\/sheabutter\/\",\"url\":\"https:\/\/afrisol.de\/german\/index.php\/sheabutter\/\",\"name\":\"Sheabutter - Kosmetik &amp; Wellness in Deutschland\",\"isPartOf\":{\"@id\":\"https:\/\/afrisol.de\/german\/#website\"},\"datePublished\":\"2020-04-05T11:37:05+00:00\",\"dateModified\":\"2020-05-12T11:48:36+00:00\",\"breadcrumb\":{\"@id\":\"https:\/\/afrisol.de\/german\/index.php\/sheabutter\/#breadcrumb\"},\"inLanguage\":\"de\",\"potentialAction\":[{\"@type\":\"ReadAction\",\"target\":[\"https:\/\/afrisol.de\/german\/index.php\/sheabutter\/\"]}]},{\"@type\":\"BreadcrumbList\",\"@id\":\"https:\/\/afrisol.de\/german\/index.php\/sheabutter\/#breadcrumb\",\"itemListElement\":[{\"@type\":\"ListItem\",\"position\":1,\"name\":\"Home\",\"item\":\"https:\/\/afrisol.de\/german\/\"},{\"@type\":\"ListItem\",\"position\":2,\"name\":\"Sheabutter\"}]},{\"@type\":\"WebSite\",\"@id\":\"https:\/\/afrisol.de\/german\/#website\",\"url\":\"https:\/\/afrisol.de\/german\/\",\"name\":\"Kosmetik &amp; Wellness in Deutschland\",\"description\":\"offer a wide range of products for Skin care, manicure, pedicure, Hair- &amp; Beardcare and general Wellness products, superfoods and medicinal herbs.  Check our webshop to explore the wealth of natural African treasures for Hair Salons, cosmetologists, and aestheticians as well as private users.\",\"publisher\":{\"@id\":\"https:\/\/afrisol.de\/german\/#organization\"},\"potentialAction\":[{\"@type\":\"SearchAction\",\"target\":{\"@type\":\"EntryPoint\",\"urlTemplate\":\"https:\/\/afrisol.de\/german\/?s={search_term_string}\"},\"query-input\":\"required name=search_term_string\"}],\"inLanguage\":\"de\"},{\"@type\":\"Organization\",\"@id\":\"https:\/\/afrisol.de\/german\/#organization\",\"name\":\"Kosmetik &amp; Wellness in Deutschland\",\"url\":\"https:\/\/afrisol.de\/german\/\",\"logo\":{\"@type\":\"ImageObject\",\"inLanguage\":\"de\",\"@id\":\"https:\/\/afrisol.de\/german\/#\/schema\/logo\/image\/\",\"url\":\"https:\/\/afrisol.de\/german\/wp-content\/uploads\/2020\/04\/logo-1.png\",\"contentUrl\":\"https:\/\/afrisol.de\/german\/wp-content\/uploads\/2020\/04\/logo-1.png\",\"width\":90,\"height\":94,\"caption\":\"Kosmetik &amp; Wellness in Deutschland\"},\"image\":{\"@id\":\"https:\/\/afrisol.de\/german\/#\/schema\/logo\/image\/\"}}]}<\/script>\n<!-- \/ Yoast SEO plugin. -->","yoast_head_json":{"title":"Sheabutter - Kosmetik &amp; Wellness in Deutschland","robots":{"index":"index","follow":"follow","max-snippet":"max-snippet:-1","max-image-preview":"max-image-preview:large","max-video-preview":"max-video-preview:-1"},"canonical":"https:\/\/afrisol.de\/german\/index.php\/sheabutter\/","og_locale":"de_DE","og_type":"article","og_title":"Sheabutter - Kosmetik &amp; Wellness in Deutschland","og_description":"Urspr&uuml;nglich stammen die ersten Hautpflegeprodukte aus der Natur. Naturreine Pflanzen&ouml;le, die mit ihren wertvollen Inhaltsstoffen die verschiedenen Hauttypen n&auml;hren, beruhigen und gl&auml;tten. Reine Sheabutter kann aber noch einiges mehr. Ihre Anwendungsm&ouml;glichkeiten als reine Naturkosmetik sind verbl&uuml;ffend. Was ist und woher stammt Sheabutter? Sheabutter, auch Karit&eacute;butter genannt, stammt aus den Fr&uuml;chten des Karit&eacute;- Baumes der haupts&auml;chlichRead More","og_url":"https:\/\/afrisol.de\/german\/index.php\/sheabutter\/","og_site_name":"Kosmetik &amp; Wellness in Deutschland","article_modified_time":"2020-05-12T11:48:36+00:00","twitter_card":"summary_large_image","twitter_misc":{"Gesch\u00e4tzte Lesezeit":"5\u00a0Minuten"},"schema":{"@context":"https:\/\/schema.org","@graph":[{"@type":"WebPage","@id":"https:\/\/afrisol.de\/german\/index.php\/sheabutter\/","url":"https:\/\/afrisol.de\/german\/index.php\/sheabutter\/","name":"Sheabutter - Kosmetik &amp; Wellness in Deutschland","isPartOf":{"@id":"https:\/\/afrisol.de\/german\/#website"},"datePublished":"2020-04-05T11:37:05+00:00","dateModified":"2020-05-12T11:48:36+00:00","breadcrumb":{"@id":"https:\/\/afrisol.de\/german\/index.php\/sheabutter\/#breadcrumb"},"inLanguage":"de","potentialAction":[{"@type":"ReadAction","target":["https:\/\/afrisol.de\/german\/index.php\/sheabutter\/"]}]},{"@type":"BreadcrumbList","@id":"https:\/\/afrisol.de\/german\/index.php\/sheabutter\/#breadcrumb","itemListElement":[{"@type":"ListItem","position":1,"name":"Home","item":"https:\/\/afrisol.de\/german\/"},{"@type":"ListItem","position":2,"name":"Sheabutter"}]},{"@type":"WebSite","@id":"https:\/\/afrisol.de\/german\/#website","url":"https:\/\/afrisol.de\/german\/","name":"Kosmetik &amp; Wellness in Deutschland","description":"offer a wide range of products for Skin care, manicure, pedicure, Hair- &amp; Beardcare and general Wellness products, superfoods and medicinal herbs.  Check our webshop to explore the wealth of natural African treasures for Hair Salons, cosmetologists, and aestheticians as well as private users.","publisher":{"@id":"https:\/\/afrisol.de\/german\/#organization"},"potentialAction":[{"@type":"SearchAction","target":{"@type":"EntryPoint","urlTemplate":"https:\/\/afrisol.de\/german\/?s={search_term_string}"},"query-input":"required name=search_term_string"}],"inLanguage":"de"},{"@type":"Organization","@id":"https:\/\/afrisol.de\/german\/#organization","name":"Kosmetik &amp; Wellness in Deutschland","url":"https:\/\/afrisol.de\/german\/","logo":{"@type":"ImageObject","inLanguage":"de","@id":"https:\/\/afrisol.de\/german\/#\/schema\/logo\/image\/","url":"https:\/\/afrisol.de\/german\/wp-content\/uploads\/2020\/04\/logo-1.png","contentUrl":"https:\/\/afrisol.de\/german\/wp-content\/uploads\/2020\/04\/logo-1.png","width":90,"height":94,"caption":"Kosmetik &amp; Wellness in Deutschland"},"image":{"@id":"https:\/\/afrisol.de\/german\/#\/schema\/logo\/image\/"}}]}},"_links":{"self":[{"href":"https:\/\/afrisol.de\/german\/index.php\/wp-json\/wp\/v2\/pages\/143"}],"collection":[{"href":"https:\/\/afrisol.de\/german\/index.php\/wp-json\/wp\/v2\/pages"}],"about":[{"href":"https:\/\/afrisol.de\/german\/index.php\/wp-json\/wp\/v2\/types\/page"}],"author":[{"embeddable":true,"href":"https:\/\/afrisol.de\/german\/index.php\/wp-json\/wp\/v2\/users\/1"}],"replies":[{"embeddable":true,"href":"https:\/\/afrisol.de\/german\/index.php\/wp-json\/wp\/v2\/comments?post=143"}],"version-history":[{"count":3,"href":"https:\/\/afrisol.de\/german\/index.php\/wp-json\/wp\/v2\/pages\/143\/revisions"}],"predecessor-version":[{"id":179,"href":"https:\/\/afrisol.de\/german\/index.php\/wp-json\/wp\/v2\/pages\/143\/revisions\/179"}],"wp:attachment":[{"href":"https:\/\/afrisol.de\/german\/index.php\/wp-json\/wp\/v2\/media?parent=143"}],"curies":[{"name":"wp","href":"https:\/\/api.w.org\/{rel}","templated":true}]}}