{"id":62,"date":"2020-04-05T01:28:11","date_gmt":"2020-04-05T01:28:11","guid":{"rendered":"http:\/\/afrisol.de\/german\/?page_id=62"},"modified":"2020-04-05T01:28:12","modified_gmt":"2020-04-05T01:28:12","slug":"wer-wir-sind","status":"publish","type":"page","link":"https:\/\/afrisol.de\/german\/index.php\/wer-wir-sind\/","title":{"rendered":"Wer wir sind"},"content":{"rendered":"\n<p>AFRISOL ist das Kreation eines deutschen Unternehmers in der Kollaboration mit jungen<br>afrikanischen Talenten aus allen sozialen Schichten mit verschiedenen Berufen.<br>Mit Firmensitz in Ghana und Deutschland besitzen wir mehr als 30 Jahre der Erfahrung in<br>verschiedenen Industrien von der Landwirtschaft bis Verschiffen\/Logistik zum Aufbau und der<br>Wiederverwertung.<br>Unsere Haupterzeugnisse sind Sheabutter, Kakaobutter, Kokosnuss &#8211; Baobab &#8211; und Neem\u00f6lt.<br>Die Produktion, das Verpacken und der Verkauf von Kr\u00e4uterprodukten wie Moringa, Zitronengras,<br>Neem, Soursop (Annona muricata), SweetSop (Annona squamosa), Papaya, Hibiskus \u2013 kurz gesagt,<br>der der ganze Reichtum afrikanischer Kr\u00e4uter \u2013 sind auch ein wichtiger Teil unseres Gesch\u00e4fts.<br>Wir bem\u00fchen uns, die Wertsch\u00f6pfung an der Quelle in Afrika auf eine nachhaltige Weise zu f\u00f6rdern,<br>w\u00e4hrend wir organische Kosmetik, Kr\u00e4uter und Lebensmittel f\u00fcr den Export nach Europa, Asien und<br>den Amerikas erzeugen.<br>Ein gro\u00dfes weltweites Netzwerk nutzend, sind wir auf dem Weg, mit unkonventionellen Ans\u00e4tzen<br>eine Ver\u00e4nderung der westafrikanischen Fertigungsindustrien herbeizuf\u00fchren<br>Ein Schwerpunk unserer Arbeit sind gezielte St\u00e4rkung und F\u00f6rderung benachteiligter Afrikaner, unser<br>Ansatz basiert auf der \u00dcberzeugung, dass langfristig nur ein kommerziell ausgerichtetes,<br>gewinnorientiertes Unternehmen nachhaltig positive Ver\u00e4nderungen herbeif\u00fchrt.<br>AFRISOL f\u00f6rdert gesunde, organische Kosmetik, Kr\u00e4uterprodukte und Lebensmittel, die ethisch und<br>umweltfreundlich erzeugt sind, w\u00e4hrend sie einen anst\u00e4ndigen Lebensunterhalt und \u00dcbertragung<br>des Know-How denjenigen bieten, die entlang der Wertsch\u00f6pfungskette arbeiten.<br>Wir dulden keine Umweltzerst\u00f6rung, Sklaven &#8211; oder Kinderarbeit, unfaire L\u00f6hne und<br>Arbeitsbedingungen, Diskriminierung von Religion, Rasse, Geschlecht oder sexueller Orientierung.<\/p>\n\n\n\n<p>Als Arbeitgeber f\u00f6rdern wir Chancengleichheit, mit einer Vorliebe f\u00fcr die Ausbildung behinderter<br>Menschen.<\/p>\n\n\n\n<p><\/p>\n","protected":false},"excerpt":{"rendered":"<p>AFRISOL ist das Kreation eines deutschen Unternehmers in der Kollaboration mit jungenafrikanischen Talenten aus allen sozialen Schichten mit verschiedenen Berufen.Mit Firmensitz in Ghana und Deutschland besitzen wir mehr als 30 Jahre der Erfahrung inverschiedenen Industrien von der Landwirtschaft bis Verschiffen\/Logistik zum Aufbau und derWiederverwertung.Unsere Haupterzeugnisse sind Sheabutter, Kakaobutter, Kokosnuss &ndash; Baobab &ndash; und Neem&ouml;lt.Die Produktion,<span class=\"read-more-faq\"><a href=\"https:\/\/afrisol.de\/german\/index.php\/wer-wir-sind\/\">Read More<\/a><\/span><\/p>\n","protected":false},"author":1,"featured_media":0,"parent":0,"menu_order":0,"comment_status":"closed","ping_status":"closed","template":"","meta":{"footnotes":""},"yoast_head":"<!-- This site is optimized with the Yoast SEO plugin v22.7 - https:\/\/yoast.com\/wordpress\/plugins\/seo\/ -->\n<title>Wer wir sind - Kosmetik &amp; Wellness in Deutschland<\/title>\n<meta name=\"robots\" content=\"index, follow, max-snippet:-1, max-image-preview:large, max-video-preview:-1\" \/>\n<link rel=\"canonical\" href=\"https:\/\/afrisol.de\/german\/index.php\/wer-wir-sind\/\" \/>\n<meta property=\"og:locale\" content=\"de_DE\" \/>\n<meta property=\"og:type\" content=\"article\" \/>\n<meta property=\"og:title\" content=\"Wer wir sind - Kosmetik &amp; Wellness in Deutschland\" \/>\n<meta property=\"og:description\" content=\"AFRISOL ist das Kreation eines deutschen Unternehmers in der Kollaboration mit jungenafrikanischen Talenten aus allen sozialen Schichten mit verschiedenen Berufen.Mit Firmensitz in Ghana und Deutschland besitzen wir mehr als 30 Jahre der Erfahrung inverschiedenen Industrien von der Landwirtschaft bis Verschiffen\/Logistik zum Aufbau und derWiederverwertung.Unsere Haupterzeugnisse sind Sheabutter, Kakaobutter, Kokosnuss &ndash; Baobab &ndash; und Neem&ouml;lt.Die Produktion,Read More\" \/>\n<meta property=\"og:url\" content=\"https:\/\/afrisol.de\/german\/index.php\/wer-wir-sind\/\" \/>\n<meta property=\"og:site_name\" content=\"Kosmetik &amp; Wellness in Deutschland\" \/>\n<meta property=\"article:modified_time\" content=\"2020-04-05T01:28:12+00:00\" \/>\n<meta name=\"twitter:card\" content=\"summary_large_image\" \/>\n<meta name=\"twitter:label1\" content=\"Gesch\u00e4tzte Lesezeit\" \/>\n\t<meta name=\"twitter:data1\" content=\"1\u00a0Minute\" \/>\n<script type=\"application\/ld+json\" class=\"yoast-schema-graph\">{\"@context\":\"https:\/\/schema.org\",\"@graph\":[{\"@type\":\"WebPage\",\"@id\":\"https:\/\/afrisol.de\/german\/index.php\/wer-wir-sind\/\",\"url\":\"https:\/\/afrisol.de\/german\/index.php\/wer-wir-sind\/\",\"name\":\"Wer wir sind - Kosmetik &amp; Wellness in Deutschland\",\"isPartOf\":{\"@id\":\"https:\/\/afrisol.de\/german\/#website\"},\"datePublished\":\"2020-04-05T01:28:11+00:00\",\"dateModified\":\"2020-04-05T01:28:12+00:00\",\"breadcrumb\":{\"@id\":\"https:\/\/afrisol.de\/german\/index.php\/wer-wir-sind\/#breadcrumb\"},\"inLanguage\":\"de\",\"potentialAction\":[{\"@type\":\"ReadAction\",\"target\":[\"https:\/\/afrisol.de\/german\/index.php\/wer-wir-sind\/\"]}]},{\"@type\":\"BreadcrumbList\",\"@id\":\"https:\/\/afrisol.de\/german\/index.php\/wer-wir-sind\/#breadcrumb\",\"itemListElement\":[{\"@type\":\"ListItem\",\"position\":1,\"name\":\"Home\",\"item\":\"https:\/\/afrisol.de\/german\/\"},{\"@type\":\"ListItem\",\"position\":2,\"name\":\"Wer wir sind\"}]},{\"@type\":\"WebSite\",\"@id\":\"https:\/\/afrisol.de\/german\/#website\",\"url\":\"https:\/\/afrisol.de\/german\/\",\"name\":\"Kosmetik &amp; Wellness in Deutschland\",\"description\":\"offer a wide range of products for Skin care, manicure, pedicure, Hair- &amp; Beardcare and general Wellness products, superfoods and medicinal herbs.  Check our webshop to explore the wealth of natural African treasures for Hair Salons, cosmetologists, and aestheticians as well as private users.\",\"publisher\":{\"@id\":\"https:\/\/afrisol.de\/german\/#organization\"},\"potentialAction\":[{\"@type\":\"SearchAction\",\"target\":{\"@type\":\"EntryPoint\",\"urlTemplate\":\"https:\/\/afrisol.de\/german\/?s={search_term_string}\"},\"query-input\":\"required name=search_term_string\"}],\"inLanguage\":\"de\"},{\"@type\":\"Organization\",\"@id\":\"https:\/\/afrisol.de\/german\/#organization\",\"name\":\"Kosmetik &amp; Wellness in Deutschland\",\"url\":\"https:\/\/afrisol.de\/german\/\",\"logo\":{\"@type\":\"ImageObject\",\"inLanguage\":\"de\",\"@id\":\"https:\/\/afrisol.de\/german\/#\/schema\/logo\/image\/\",\"url\":\"https:\/\/afrisol.de\/german\/wp-content\/uploads\/2020\/04\/logo-1.png\",\"contentUrl\":\"https:\/\/afrisol.de\/german\/wp-content\/uploads\/2020\/04\/logo-1.png\",\"width\":90,\"height\":94,\"caption\":\"Kosmetik &amp; Wellness in Deutschland\"},\"image\":{\"@id\":\"https:\/\/afrisol.de\/german\/#\/schema\/logo\/image\/\"}}]}<\/script>\n<!-- \/ Yoast SEO plugin. -->","yoast_head_json":{"title":"Wer wir sind - Kosmetik &amp; Wellness in Deutschland","robots":{"index":"index","follow":"follow","max-snippet":"max-snippet:-1","max-image-preview":"max-image-preview:large","max-video-preview":"max-video-preview:-1"},"canonical":"https:\/\/afrisol.de\/german\/index.php\/wer-wir-sind\/","og_locale":"de_DE","og_type":"article","og_title":"Wer wir sind - Kosmetik &amp; Wellness in Deutschland","og_description":"AFRISOL ist das Kreation eines deutschen Unternehmers in der Kollaboration mit jungenafrikanischen Talenten aus allen sozialen Schichten mit verschiedenen Berufen.Mit Firmensitz in Ghana und Deutschland besitzen wir mehr als 30 Jahre der Erfahrung inverschiedenen Industrien von der Landwirtschaft bis Verschiffen\/Logistik zum Aufbau und derWiederverwertung.Unsere Haupterzeugnisse sind Sheabutter, Kakaobutter, Kokosnuss &ndash; Baobab &ndash; und Neem&ouml;lt.Die Produktion,Read More","og_url":"https:\/\/afrisol.de\/german\/index.php\/wer-wir-sind\/","og_site_name":"Kosmetik &amp; Wellness in Deutschland","article_modified_time":"2020-04-05T01:28:12+00:00","twitter_card":"summary_large_image","twitter_misc":{"Gesch\u00e4tzte Lesezeit":"1\u00a0Minute"},"schema":{"@context":"https:\/\/schema.org","@graph":[{"@type":"WebPage","@id":"https:\/\/afrisol.de\/german\/index.php\/wer-wir-sind\/","url":"https:\/\/afrisol.de\/german\/index.php\/wer-wir-sind\/","name":"Wer wir sind - Kosmetik &amp; Wellness in Deutschland","isPartOf":{"@id":"https:\/\/afrisol.de\/german\/#website"},"datePublished":"2020-04-05T01:28:11+00:00","dateModified":"2020-04-05T01:28:12+00:00","breadcrumb":{"@id":"https:\/\/afrisol.de\/german\/index.php\/wer-wir-sind\/#breadcrumb"},"inLanguage":"de","potentialAction":[{"@type":"ReadAction","target":["https:\/\/afrisol.de\/german\/index.php\/wer-wir-sind\/"]}]},{"@type":"BreadcrumbList","@id":"https:\/\/afrisol.de\/german\/index.php\/wer-wir-sind\/#breadcrumb","itemListElement":[{"@type":"ListItem","position":1,"name":"Home","item":"https:\/\/afrisol.de\/german\/"},{"@type":"ListItem","position":2,"name":"Wer wir sind"}]},{"@type":"WebSite","@id":"https:\/\/afrisol.de\/german\/#website","url":"https:\/\/afrisol.de\/german\/","name":"Kosmetik &amp; Wellness in Deutschland","description":"offer a wide range of products for Skin care, manicure, pedicure, Hair- &amp; Beardcare and general Wellness products, superfoods and medicinal herbs.  Check our webshop to explore the wealth of natural African treasures for Hair Salons, cosmetologists, and aestheticians as well as private users.","publisher":{"@id":"https:\/\/afrisol.de\/german\/#organization"},"potentialAction":[{"@type":"SearchAction","target":{"@type":"EntryPoint","urlTemplate":"https:\/\/afrisol.de\/german\/?s={search_term_string}"},"query-input":"required name=search_term_string"}],"inLanguage":"de"},{"@type":"Organization","@id":"https:\/\/afrisol.de\/german\/#organization","name":"Kosmetik &amp; Wellness in Deutschland","url":"https:\/\/afrisol.de\/german\/","logo":{"@type":"ImageObject","inLanguage":"de","@id":"https:\/\/afrisol.de\/german\/#\/schema\/logo\/image\/","url":"https:\/\/afrisol.de\/german\/wp-content\/uploads\/2020\/04\/logo-1.png","contentUrl":"https:\/\/afrisol.de\/german\/wp-content\/uploads\/2020\/04\/logo-1.png","width":90,"height":94,"caption":"Kosmetik &amp; Wellness in Deutschland"},"image":{"@id":"https:\/\/afrisol.de\/german\/#\/schema\/logo\/image\/"}}]}},"_links":{"self":[{"href":"https:\/\/afrisol.de\/german\/index.php\/wp-json\/wp\/v2\/pages\/62"}],"collection":[{"href":"https:\/\/afrisol.de\/german\/index.php\/wp-json\/wp\/v2\/pages"}],"about":[{"href":"https:\/\/afrisol.de\/german\/index.php\/wp-json\/wp\/v2\/types\/page"}],"author":[{"embeddable":true,"href":"https:\/\/afrisol.de\/german\/index.php\/wp-json\/wp\/v2\/users\/1"}],"replies":[{"embeddable":true,"href":"https:\/\/afrisol.de\/german\/index.php\/wp-json\/wp\/v2\/comments?post=62"}],"version-history":[{"count":1,"href":"https:\/\/afrisol.de\/german\/index.php\/wp-json\/wp\/v2\/pages\/62\/revisions"}],"predecessor-version":[{"id":63,"href":"https:\/\/afrisol.de\/german\/index.php\/wp-json\/wp\/v2\/pages\/62\/revisions\/63"}],"wp:attachment":[{"href":"https:\/\/afrisol.de\/german\/index.php\/wp-json\/wp\/v2\/media?parent=62"}],"curies":[{"name":"wp","href":"https:\/\/api.w.org\/{rel}","templated":true}]}}