{"id":131,"date":"2020-04-05T03:31:45","date_gmt":"2020-04-05T03:31:45","guid":{"rendered":"http:\/\/afrisol.de\/german\/?post_type=product&#038;p=131"},"modified":"2020-04-05T03:31:46","modified_gmt":"2020-04-05T03:31:46","slug":"sheabutter-230-ml","status":"publish","type":"product","link":"https:\/\/afrisol.de\/german\/index.php\/produkt\/sheabutter-230-ml\/","title":{"rendered":"Sheabutter 230 ml"},"content":{"rendered":"<p>Beschreibung<br \/>\nHeilqualit\u00e4ten: Sheabutter ist bekannt f\u00fcr seine heilenden Eigenschaften, die auf das Vorhandensein mehrerer Fetts\u00e4uren und Pflanzensterine wie \u00d6l-, Palmitin-, Stearin- und Linolens\u00e4ure zur\u00fcckzuf\u00fchren sind. Diese \u00f6ll\u00f6slichen Komponenten werden beim Kontakt mit dem Alkali nicht verseift oder in Seife umgewandelt. Sheabutter ist nicht verseifbarer als andere Nuss\u00f6le und -fette und verleiht der Haut somit ein gro\u00dfes Heilungspotential. Rohe, nicht raffinierte Sheabutter ist wirksam bei der Heilung von Hautausschl\u00e4gen, Hautpeelings nach dem Br\u00e4unen, Narben, Dehnungsstreifen, Erfrierungen, Verbrennungen, Fu\u00dfpilzen, Insektenstichen und -stichen, Arthritis und Muskelerm\u00fcdung.<\/p>\n<p>Anti-Aging-Vorteile: Sheabutter gilt als eines der besten Anti-Aging- und Feuchtigkeitsmittel f\u00fcr die Haut. Es stimuliert die Produktion von Kollagen, dem jugendlichen Ger\u00fcstprotein in der Haut. Die in dieser Butter enthaltenen Vitamine A und E halten die Haut geschmeidig, gen\u00e4hrt und strahlend und verhindern vorzeitige Falten und Gesichtsz\u00fcge. Sheabutter dringt leicht in die Haut ein, ohne die Poren zu verstopfen, und ist bei trockener Haut wirksam.<\/p>\n<p>Haarweichmacher: Sheabutter eignet sich hervorragend zum Erweichen und Revitalisieren von gesch\u00e4digtem und br\u00fcchigem Haar. Aufgrund seiner nicht fettenden Natur hilft es, das \u00fcbersch\u00fcssige \u00d6l in der Kopfhaut zu kontrollieren und zu verteilen. Das Massieren des Haares mit gro\u00dfz\u00fcgigen Mengen Sheabutter kann weiche und seidige Str\u00e4hnen ergeben. Dieser Vorteil von Sheabutter gilt sowohl f\u00fcr trockenes als auch f\u00fcr zerbrechliches, lockiges Haar. Sheabutter sollte zweimal pro Woche f\u00fcr das Haarwachstum angewendet werden, um die Haartextur zu verbessern und das Haar mit Feuchtigkeit zu versorgen.<\/p>\n<p>Haarschutz: Sheabutter sch\u00fctzt das Haar vor den sch\u00e4dlichen freien Radikalen in Luft und Wasser sowie vor rauen Wetterbedingungen.<\/p>\n<p>Dar\u00fcber hinaus hat Sheabutter einen geringen Lichtschutzfaktor, der ausreicht, um das Haar vor Sonnensch\u00e4den durch ultraviolette Strahlung zu sch\u00fctzen und die Sch\u00e4den zu reparieren, die bereits durch das raue Wetter und die Sonne verursacht wurden. Dies ist haupts\u00e4chlich auf die Tatsache zur\u00fcckzuf\u00fchren, dass Sheabutter den Haarschaft nach dem Absorbieren so beschichtet, dass er vor einem W\u00e4rmewerkzeug oder einem anderen sch\u00e4dlichen Material gesch\u00fctzt ist, das \u00fcber das Haar geleitet wird.<\/p>\n<p>Dies ist besonders vorteilhaft f\u00fcr verarbeitetes oder gef\u00e4rbtes Haar. Es sch\u00fctzt das Haar auch vor Salz und Chlor, wenn es vor dem Schwimmen angewendet wird.<\/p>\n<p>Babypflege: Sheabutter ist eine ausgezeichnete nat\u00fcrliche Feuchtigkeitscreme, die frei von Chemikalien ist. Daher ist es ideal f\u00fcr die Babypflege geeignet, da es nicht nur sanft und weich auf der Haut ist, sondern auch speziell f\u00fcr die empfindliche und empfindliche Haut von Babys geeignet ist. Es kann zur Anwendung nach dem Bad auf der Haut und auch zur Heilung von Ekzemen oder Windelausschlag auf der Haut von Babys verwendet werden.<\/p>\n","protected":false},"excerpt":{"rendered":"<p>1. F\u00fcr Gesicht und K\u00f6rper als nat\u00fcrliche Feuchtigkeitscreme<br \/>\n2. Salbe zur Heilung von Wunden und Verbrennungen<br \/>\n3. Alleine oder in einer Schwangerschaft Dehnungsstreifen Salbe, um Dehnungsstreifen abzuwehren<br \/>\n4. Als bester Faltenentferner und Taschenreduzierer unter den Augen<br \/>\n5. F\u00fcr Massagebutter<br \/>\n6. In samtig weicher, geschlagener K\u00f6rperbutter<br \/>\n7. oder einfache hausgemachte Lotion<br \/>\n8. Als Basis f\u00fcr hausgemachtes Deodorant.<br \/>\n9. Als Basis f\u00fcr M\u00fccken- und Zeckenschutzmittel.<\/p>\n","protected":false},"featured_media":126,"comment_status":"open","ping_status":"closed","template":"","meta":[],"product_cat":[28],"product_tag":[],"yoast_head":"<!-- This site is optimized with the Yoast SEO plugin v22.7 - https:\/\/yoast.com\/wordpress\/plugins\/seo\/ -->\n<title>Sheabutter 230 ml - Kosmetik &amp; Wellness in Deutschland<\/title>\n<meta name=\"robots\" content=\"index, follow, max-snippet:-1, max-image-preview:large, max-video-preview:-1\" \/>\n<link rel=\"canonical\" href=\"https:\/\/afrisol.de\/german\/index.php\/produkt\/sheabutter-230-ml\/\" \/>\n<meta property=\"og:locale\" content=\"de_DE\" \/>\n<meta property=\"og:type\" content=\"article\" \/>\n<meta property=\"og:title\" content=\"Sheabutter 230 ml - Kosmetik &amp; Wellness in Deutschland\" \/>\n<meta property=\"og:description\" content=\"1. F\u00fcr Gesicht und K\u00f6rper als nat\u00fcrliche Feuchtigkeitscreme 2. Salbe zur Heilung von Wunden und Verbrennungen 3. Alleine oder in einer Schwangerschaft Dehnungsstreifen Salbe, um Dehnungsstreifen abzuwehren 4. Als bester Faltenentferner und Taschenreduzierer unter den Augen 5. F\u00fcr Massagebutter 6. In samtig weicher, geschlagener K\u00f6rperbutter 7. oder einfache hausgemachte Lotion 8. Als Basis f\u00fcr hausgemachtes Deodorant. 9. Als Basis f\u00fcr M\u00fccken- und Zeckenschutzmittel.\" \/>\n<meta property=\"og:url\" content=\"https:\/\/afrisol.de\/german\/index.php\/produkt\/sheabutter-230-ml\/\" \/>\n<meta property=\"og:site_name\" content=\"Kosmetik &amp; Wellness in Deutschland\" \/>\n<meta property=\"article:modified_time\" content=\"2020-04-05T03:31:46+00:00\" \/>\n<meta property=\"og:image\" content=\"https:\/\/afrisol.de\/german\/wp-content\/uploads\/2020\/04\/Afrisol-purest-sheabutter.jpg\" \/>\n\t<meta property=\"og:image:width\" content=\"355\" \/>\n\t<meta property=\"og:image:height\" content=\"266\" \/>\n\t<meta property=\"og:image:type\" content=\"image\/jpeg\" \/>\n<meta name=\"twitter:card\" content=\"summary_large_image\" \/>\n<meta name=\"twitter:label1\" content=\"Gesch\u00e4tzte Lesezeit\" \/>\n\t<meta name=\"twitter:data1\" content=\"2\u00a0Minuten\" \/>\n<script type=\"application\/ld+json\" class=\"yoast-schema-graph\">{\"@context\":\"https:\/\/schema.org\",\"@graph\":[{\"@type\":\"WebPage\",\"@id\":\"https:\/\/afrisol.de\/german\/index.php\/produkt\/sheabutter-230-ml\/\",\"url\":\"https:\/\/afrisol.de\/german\/index.php\/produkt\/sheabutter-230-ml\/\",\"name\":\"Sheabutter 230 ml - Kosmetik &amp; Wellness in Deutschland\",\"isPartOf\":{\"@id\":\"https:\/\/afrisol.de\/german\/#website\"},\"primaryImageOfPage\":{\"@id\":\"https:\/\/afrisol.de\/german\/index.php\/produkt\/sheabutter-230-ml\/#primaryimage\"},\"image\":{\"@id\":\"https:\/\/afrisol.de\/german\/index.php\/produkt\/sheabutter-230-ml\/#primaryimage\"},\"thumbnailUrl\":\"https:\/\/afrisol.de\/german\/wp-content\/uploads\/2020\/04\/Afrisol-purest-sheabutter.jpg\",\"datePublished\":\"2020-04-05T03:31:45+00:00\",\"dateModified\":\"2020-04-05T03:31:46+00:00\",\"breadcrumb\":{\"@id\":\"https:\/\/afrisol.de\/german\/index.php\/produkt\/sheabutter-230-ml\/#breadcrumb\"},\"inLanguage\":\"de\",\"potentialAction\":[{\"@type\":\"ReadAction\",\"target\":[\"https:\/\/afrisol.de\/german\/index.php\/produkt\/sheabutter-230-ml\/\"]}]},{\"@type\":\"ImageObject\",\"inLanguage\":\"de\",\"@id\":\"https:\/\/afrisol.de\/german\/index.php\/produkt\/sheabutter-230-ml\/#primaryimage\",\"url\":\"https:\/\/afrisol.de\/german\/wp-content\/uploads\/2020\/04\/Afrisol-purest-sheabutter.jpg\",\"contentUrl\":\"https:\/\/afrisol.de\/german\/wp-content\/uploads\/2020\/04\/Afrisol-purest-sheabutter.jpg\",\"width\":355,\"height\":266},{\"@type\":\"BreadcrumbList\",\"@id\":\"https:\/\/afrisol.de\/german\/index.php\/produkt\/sheabutter-230-ml\/#breadcrumb\",\"itemListElement\":[{\"@type\":\"ListItem\",\"position\":1,\"name\":\"Home\",\"item\":\"https:\/\/afrisol.de\/german\/\"},{\"@type\":\"ListItem\",\"position\":2,\"name\":\"Shop\",\"item\":\"https:\/\/afrisol.de\/german\/index.php\/shop\/\"},{\"@type\":\"ListItem\",\"position\":3,\"name\":\"Sheabutter 230 ml\"}]},{\"@type\":\"WebSite\",\"@id\":\"https:\/\/afrisol.de\/german\/#website\",\"url\":\"https:\/\/afrisol.de\/german\/\",\"name\":\"Kosmetik &amp; Wellness in Deutschland\",\"description\":\"offer a wide range of products for Skin care, manicure, pedicure, Hair- &amp; Beardcare and general Wellness products, superfoods and medicinal herbs.  Check our webshop to explore the wealth of natural African treasures for Hair Salons, cosmetologists, and aestheticians as well as private users.\",\"publisher\":{\"@id\":\"https:\/\/afrisol.de\/german\/#organization\"},\"potentialAction\":[{\"@type\":\"SearchAction\",\"target\":{\"@type\":\"EntryPoint\",\"urlTemplate\":\"https:\/\/afrisol.de\/german\/?s={search_term_string}\"},\"query-input\":\"required name=search_term_string\"}],\"inLanguage\":\"de\"},{\"@type\":\"Organization\",\"@id\":\"https:\/\/afrisol.de\/german\/#organization\",\"name\":\"Kosmetik &amp; Wellness in Deutschland\",\"url\":\"https:\/\/afrisol.de\/german\/\",\"logo\":{\"@type\":\"ImageObject\",\"inLanguage\":\"de\",\"@id\":\"https:\/\/afrisol.de\/german\/#\/schema\/logo\/image\/\",\"url\":\"https:\/\/afrisol.de\/german\/wp-content\/uploads\/2020\/04\/logo-1.png\",\"contentUrl\":\"https:\/\/afrisol.de\/german\/wp-content\/uploads\/2020\/04\/logo-1.png\",\"width\":90,\"height\":94,\"caption\":\"Kosmetik &amp; Wellness in Deutschland\"},\"image\":{\"@id\":\"https:\/\/afrisol.de\/german\/#\/schema\/logo\/image\/\"}}]}<\/script>\n<!-- \/ Yoast SEO plugin. -->","yoast_head_json":{"title":"Sheabutter 230 ml - Kosmetik &amp; Wellness in Deutschland","robots":{"index":"index","follow":"follow","max-snippet":"max-snippet:-1","max-image-preview":"max-image-preview:large","max-video-preview":"max-video-preview:-1"},"canonical":"https:\/\/afrisol.de\/german\/index.php\/produkt\/sheabutter-230-ml\/","og_locale":"de_DE","og_type":"article","og_title":"Sheabutter 230 ml - Kosmetik &amp; Wellness in Deutschland","og_description":"1. F\u00fcr Gesicht und K\u00f6rper als nat\u00fcrliche Feuchtigkeitscreme 2. Salbe zur Heilung von Wunden und Verbrennungen 3. Alleine oder in einer Schwangerschaft Dehnungsstreifen Salbe, um Dehnungsstreifen abzuwehren 4. Als bester Faltenentferner und Taschenreduzierer unter den Augen 5. F\u00fcr Massagebutter 6. In samtig weicher, geschlagener K\u00f6rperbutter 7. oder einfache hausgemachte Lotion 8. Als Basis f\u00fcr hausgemachtes Deodorant. 9. Als Basis f\u00fcr M\u00fccken- und Zeckenschutzmittel.","og_url":"https:\/\/afrisol.de\/german\/index.php\/produkt\/sheabutter-230-ml\/","og_site_name":"Kosmetik &amp; Wellness in Deutschland","article_modified_time":"2020-04-05T03:31:46+00:00","og_image":[{"width":355,"height":266,"url":"https:\/\/afrisol.de\/german\/wp-content\/uploads\/2020\/04\/Afrisol-purest-sheabutter.jpg","type":"image\/jpeg"}],"twitter_card":"summary_large_image","twitter_misc":{"Gesch\u00e4tzte Lesezeit":"2\u00a0Minuten"},"schema":{"@context":"https:\/\/schema.org","@graph":[{"@type":"WebPage","@id":"https:\/\/afrisol.de\/german\/index.php\/produkt\/sheabutter-230-ml\/","url":"https:\/\/afrisol.de\/german\/index.php\/produkt\/sheabutter-230-ml\/","name":"Sheabutter 230 ml - Kosmetik &amp; Wellness in Deutschland","isPartOf":{"@id":"https:\/\/afrisol.de\/german\/#website"},"primaryImageOfPage":{"@id":"https:\/\/afrisol.de\/german\/index.php\/produkt\/sheabutter-230-ml\/#primaryimage"},"image":{"@id":"https:\/\/afrisol.de\/german\/index.php\/produkt\/sheabutter-230-ml\/#primaryimage"},"thumbnailUrl":"https:\/\/afrisol.de\/german\/wp-content\/uploads\/2020\/04\/Afrisol-purest-sheabutter.jpg","datePublished":"2020-04-05T03:31:45+00:00","dateModified":"2020-04-05T03:31:46+00:00","breadcrumb":{"@id":"https:\/\/afrisol.de\/german\/index.php\/produkt\/sheabutter-230-ml\/#breadcrumb"},"inLanguage":"de","potentialAction":[{"@type":"ReadAction","target":["https:\/\/afrisol.de\/german\/index.php\/produkt\/sheabutter-230-ml\/"]}]},{"@type":"ImageObject","inLanguage":"de","@id":"https:\/\/afrisol.de\/german\/index.php\/produkt\/sheabutter-230-ml\/#primaryimage","url":"https:\/\/afrisol.de\/german\/wp-content\/uploads\/2020\/04\/Afrisol-purest-sheabutter.jpg","contentUrl":"https:\/\/afrisol.de\/german\/wp-content\/uploads\/2020\/04\/Afrisol-purest-sheabutter.jpg","width":355,"height":266},{"@type":"BreadcrumbList","@id":"https:\/\/afrisol.de\/german\/index.php\/produkt\/sheabutter-230-ml\/#breadcrumb","itemListElement":[{"@type":"ListItem","position":1,"name":"Home","item":"https:\/\/afrisol.de\/german\/"},{"@type":"ListItem","position":2,"name":"Shop","item":"https:\/\/afrisol.de\/german\/index.php\/shop\/"},{"@type":"ListItem","position":3,"name":"Sheabutter 230 ml"}]},{"@type":"WebSite","@id":"https:\/\/afrisol.de\/german\/#website","url":"https:\/\/afrisol.de\/german\/","name":"Kosmetik &amp; Wellness in Deutschland","description":"offer a wide range of products for Skin care, manicure, pedicure, Hair- &amp; Beardcare and general Wellness products, superfoods and medicinal herbs.  Check our webshop to explore the wealth of natural African treasures for Hair Salons, cosmetologists, and aestheticians as well as private users.","publisher":{"@id":"https:\/\/afrisol.de\/german\/#organization"},"potentialAction":[{"@type":"SearchAction","target":{"@type":"EntryPoint","urlTemplate":"https:\/\/afrisol.de\/german\/?s={search_term_string}"},"query-input":"required name=search_term_string"}],"inLanguage":"de"},{"@type":"Organization","@id":"https:\/\/afrisol.de\/german\/#organization","name":"Kosmetik &amp; Wellness in Deutschland","url":"https:\/\/afrisol.de\/german\/","logo":{"@type":"ImageObject","inLanguage":"de","@id":"https:\/\/afrisol.de\/german\/#\/schema\/logo\/image\/","url":"https:\/\/afrisol.de\/german\/wp-content\/uploads\/2020\/04\/logo-1.png","contentUrl":"https:\/\/afrisol.de\/german\/wp-content\/uploads\/2020\/04\/logo-1.png","width":90,"height":94,"caption":"Kosmetik &amp; Wellness in Deutschland"},"image":{"@id":"https:\/\/afrisol.de\/german\/#\/schema\/logo\/image\/"}}]}},"_links":{"self":[{"href":"https:\/\/afrisol.de\/german\/index.php\/wp-json\/wp\/v2\/product\/131"}],"collection":[{"href":"https:\/\/afrisol.de\/german\/index.php\/wp-json\/wp\/v2\/product"}],"about":[{"href":"https:\/\/afrisol.de\/german\/index.php\/wp-json\/wp\/v2\/types\/product"}],"replies":[{"embeddable":true,"href":"https:\/\/afrisol.de\/german\/index.php\/wp-json\/wp\/v2\/comments?post=131"}],"wp:featuredmedia":[{"embeddable":true,"href":"https:\/\/afrisol.de\/german\/index.php\/wp-json\/wp\/v2\/media\/126"}],"wp:attachment":[{"href":"https:\/\/afrisol.de\/german\/index.php\/wp-json\/wp\/v2\/media?parent=131"}],"wp:term":[{"taxonomy":"product_cat","embeddable":true,"href":"https:\/\/afrisol.de\/german\/index.php\/wp-json\/wp\/v2\/product_cat?post=131"},{"taxonomy":"product_tag","embeddable":true,"href":"https:\/\/afrisol.de\/german\/index.php\/wp-json\/wp\/v2\/product_tag?post=131"}],"curies":[{"name":"wp","href":"https:\/\/api.w.org\/{rel}","templated":true}]}}