{"id":80,"date":"2020-04-05T02:36:23","date_gmt":"2020-04-05T02:36:23","guid":{"rendered":"http:\/\/afrisol.de\/german\/?post_type=product&#038;p=80"},"modified":"2020-04-05T02:36:23","modified_gmt":"2020-04-05T02:36:23","slug":"natuerliche-fluessige-shea-seife","status":"publish","type":"product","link":"https:\/\/afrisol.de\/german\/index.php\/produkt\/natuerliche-fluessige-shea-seife\/","title":{"rendered":"Nat\u00fcrliche fl\u00fcssige Shea Seife"},"content":{"rendered":"<p>Solafric Sheashine Liquid Black Shea Seife mit Sheabutter, Kalium, \u00e4therischen \u00d6len.<br \/>\nReinigt Ihre Haut gr\u00fcndlich, peelt und revitalisiert sie und rehydriert trockene Haut.<\/p>\n<p>Erh\u00e4ltlich in 200 ml Flasche<\/p>\n","protected":false},"excerpt":{"rendered":"<p>Inhalt: Bio Sheabutter Kali Nat\u00fcrliche D\u00fcfte<br \/>\nAchtung: Leicht alkalisch Reizend, bei Kontakt mit den Augen mit reichlich Wasser sp\u00fclen<\/p>\n","protected":false},"featured_media":81,"comment_status":"open","ping_status":"closed","template":"","meta":[],"product_cat":[16,19],"product_tag":[],"yoast_head":"<!-- This site is optimized with the Yoast SEO plugin v22.7 - https:\/\/yoast.com\/wordpress\/plugins\/seo\/ -->\n<title>Nat\u00fcrliche fl\u00fcssige Shea Seife - Kosmetik &amp; Wellness in Deutschland<\/title>\n<meta name=\"robots\" content=\"index, follow, max-snippet:-1, max-image-preview:large, max-video-preview:-1\" \/>\n<link rel=\"canonical\" href=\"https:\/\/afrisol.de\/german\/index.php\/produkt\/natuerliche-fluessige-shea-seife\/\" \/>\n<meta property=\"og:locale\" content=\"de_DE\" \/>\n<meta property=\"og:type\" content=\"article\" \/>\n<meta property=\"og:title\" content=\"Nat\u00fcrliche fl\u00fcssige Shea Seife - Kosmetik &amp; Wellness in Deutschland\" \/>\n<meta property=\"og:description\" content=\"Inhalt: Bio Sheabutter Kali Nat\u00fcrliche D\u00fcfte Achtung: Leicht alkalisch Reizend, bei Kontakt mit den Augen mit reichlich Wasser sp\u00fclen\" \/>\n<meta property=\"og:url\" content=\"https:\/\/afrisol.de\/german\/index.php\/produkt\/natuerliche-fluessige-shea-seife\/\" \/>\n<meta property=\"og:site_name\" content=\"Kosmetik &amp; Wellness in Deutschland\" \/>\n<meta property=\"og:image\" content=\"https:\/\/afrisol.de\/german\/wp-content\/uploads\/2020\/04\/Sheashine-liquis.jpg\" \/>\n\t<meta property=\"og:image:width\" content=\"2000\" \/>\n\t<meta property=\"og:image:height\" content=\"2000\" \/>\n\t<meta property=\"og:image:type\" content=\"image\/jpeg\" \/>\n<meta name=\"twitter:card\" content=\"summary_large_image\" \/>\n<script type=\"application\/ld+json\" class=\"yoast-schema-graph\">{\"@context\":\"https:\/\/schema.org\",\"@graph\":[{\"@type\":\"WebPage\",\"@id\":\"https:\/\/afrisol.de\/german\/index.php\/produkt\/natuerliche-fluessige-shea-seife\/\",\"url\":\"https:\/\/afrisol.de\/german\/index.php\/produkt\/natuerliche-fluessige-shea-seife\/\",\"name\":\"Nat\u00fcrliche fl\u00fcssige Shea Seife - Kosmetik &amp; Wellness in Deutschland\",\"isPartOf\":{\"@id\":\"https:\/\/afrisol.de\/german\/#website\"},\"primaryImageOfPage\":{\"@id\":\"https:\/\/afrisol.de\/german\/index.php\/produkt\/natuerliche-fluessige-shea-seife\/#primaryimage\"},\"image\":{\"@id\":\"https:\/\/afrisol.de\/german\/index.php\/produkt\/natuerliche-fluessige-shea-seife\/#primaryimage\"},\"thumbnailUrl\":\"https:\/\/afrisol.de\/german\/wp-content\/uploads\/2020\/04\/Sheashine-liquis.jpg\",\"datePublished\":\"2020-04-05T02:36:23+00:00\",\"dateModified\":\"2020-04-05T02:36:23+00:00\",\"breadcrumb\":{\"@id\":\"https:\/\/afrisol.de\/german\/index.php\/produkt\/natuerliche-fluessige-shea-seife\/#breadcrumb\"},\"inLanguage\":\"de\",\"potentialAction\":[{\"@type\":\"ReadAction\",\"target\":[\"https:\/\/afrisol.de\/german\/index.php\/produkt\/natuerliche-fluessige-shea-seife\/\"]}]},{\"@type\":\"ImageObject\",\"inLanguage\":\"de\",\"@id\":\"https:\/\/afrisol.de\/german\/index.php\/produkt\/natuerliche-fluessige-shea-seife\/#primaryimage\",\"url\":\"https:\/\/afrisol.de\/german\/wp-content\/uploads\/2020\/04\/Sheashine-liquis.jpg\",\"contentUrl\":\"https:\/\/afrisol.de\/german\/wp-content\/uploads\/2020\/04\/Sheashine-liquis.jpg\",\"width\":2000,\"height\":2000},{\"@type\":\"BreadcrumbList\",\"@id\":\"https:\/\/afrisol.de\/german\/index.php\/produkt\/natuerliche-fluessige-shea-seife\/#breadcrumb\",\"itemListElement\":[{\"@type\":\"ListItem\",\"position\":1,\"name\":\"Home\",\"item\":\"https:\/\/afrisol.de\/german\/\"},{\"@type\":\"ListItem\",\"position\":2,\"name\":\"Shop\",\"item\":\"https:\/\/afrisol.de\/german\/index.php\/shop\/\"},{\"@type\":\"ListItem\",\"position\":3,\"name\":\"Nat\u00fcrliche fl\u00fcssige Shea Seife\"}]},{\"@type\":\"WebSite\",\"@id\":\"https:\/\/afrisol.de\/german\/#website\",\"url\":\"https:\/\/afrisol.de\/german\/\",\"name\":\"Kosmetik &amp; Wellness in Deutschland\",\"description\":\"offer a wide range of products for Skin care, manicure, pedicure, Hair- &amp; Beardcare and general Wellness products, superfoods and medicinal herbs.  Check our webshop to explore the wealth of natural African treasures for Hair Salons, cosmetologists, and aestheticians as well as private users.\",\"publisher\":{\"@id\":\"https:\/\/afrisol.de\/german\/#organization\"},\"potentialAction\":[{\"@type\":\"SearchAction\",\"target\":{\"@type\":\"EntryPoint\",\"urlTemplate\":\"https:\/\/afrisol.de\/german\/?s={search_term_string}\"},\"query-input\":\"required name=search_term_string\"}],\"inLanguage\":\"de\"},{\"@type\":\"Organization\",\"@id\":\"https:\/\/afrisol.de\/german\/#organization\",\"name\":\"Kosmetik &amp; Wellness in Deutschland\",\"url\":\"https:\/\/afrisol.de\/german\/\",\"logo\":{\"@type\":\"ImageObject\",\"inLanguage\":\"de\",\"@id\":\"https:\/\/afrisol.de\/german\/#\/schema\/logo\/image\/\",\"url\":\"https:\/\/afrisol.de\/german\/wp-content\/uploads\/2020\/04\/logo-1.png\",\"contentUrl\":\"https:\/\/afrisol.de\/german\/wp-content\/uploads\/2020\/04\/logo-1.png\",\"width\":90,\"height\":94,\"caption\":\"Kosmetik &amp; Wellness in Deutschland\"},\"image\":{\"@id\":\"https:\/\/afrisol.de\/german\/#\/schema\/logo\/image\/\"}}]}<\/script>\n<!-- \/ Yoast SEO plugin. -->","yoast_head_json":{"title":"Nat\u00fcrliche fl\u00fcssige Shea Seife - Kosmetik &amp; Wellness in Deutschland","robots":{"index":"index","follow":"follow","max-snippet":"max-snippet:-1","max-image-preview":"max-image-preview:large","max-video-preview":"max-video-preview:-1"},"canonical":"https:\/\/afrisol.de\/german\/index.php\/produkt\/natuerliche-fluessige-shea-seife\/","og_locale":"de_DE","og_type":"article","og_title":"Nat\u00fcrliche fl\u00fcssige Shea Seife - Kosmetik &amp; Wellness in Deutschland","og_description":"Inhalt: Bio Sheabutter Kali Nat\u00fcrliche D\u00fcfte Achtung: Leicht alkalisch Reizend, bei Kontakt mit den Augen mit reichlich Wasser sp\u00fclen","og_url":"https:\/\/afrisol.de\/german\/index.php\/produkt\/natuerliche-fluessige-shea-seife\/","og_site_name":"Kosmetik &amp; Wellness in Deutschland","og_image":[{"width":2000,"height":2000,"url":"https:\/\/afrisol.de\/german\/wp-content\/uploads\/2020\/04\/Sheashine-liquis.jpg","type":"image\/jpeg"}],"twitter_card":"summary_large_image","schema":{"@context":"https:\/\/schema.org","@graph":[{"@type":"WebPage","@id":"https:\/\/afrisol.de\/german\/index.php\/produkt\/natuerliche-fluessige-shea-seife\/","url":"https:\/\/afrisol.de\/german\/index.php\/produkt\/natuerliche-fluessige-shea-seife\/","name":"Nat\u00fcrliche fl\u00fcssige Shea Seife - Kosmetik &amp; Wellness in Deutschland","isPartOf":{"@id":"https:\/\/afrisol.de\/german\/#website"},"primaryImageOfPage":{"@id":"https:\/\/afrisol.de\/german\/index.php\/produkt\/natuerliche-fluessige-shea-seife\/#primaryimage"},"image":{"@id":"https:\/\/afrisol.de\/german\/index.php\/produkt\/natuerliche-fluessige-shea-seife\/#primaryimage"},"thumbnailUrl":"https:\/\/afrisol.de\/german\/wp-content\/uploads\/2020\/04\/Sheashine-liquis.jpg","datePublished":"2020-04-05T02:36:23+00:00","dateModified":"2020-04-05T02:36:23+00:00","breadcrumb":{"@id":"https:\/\/afrisol.de\/german\/index.php\/produkt\/natuerliche-fluessige-shea-seife\/#breadcrumb"},"inLanguage":"de","potentialAction":[{"@type":"ReadAction","target":["https:\/\/afrisol.de\/german\/index.php\/produkt\/natuerliche-fluessige-shea-seife\/"]}]},{"@type":"ImageObject","inLanguage":"de","@id":"https:\/\/afrisol.de\/german\/index.php\/produkt\/natuerliche-fluessige-shea-seife\/#primaryimage","url":"https:\/\/afrisol.de\/german\/wp-content\/uploads\/2020\/04\/Sheashine-liquis.jpg","contentUrl":"https:\/\/afrisol.de\/german\/wp-content\/uploads\/2020\/04\/Sheashine-liquis.jpg","width":2000,"height":2000},{"@type":"BreadcrumbList","@id":"https:\/\/afrisol.de\/german\/index.php\/produkt\/natuerliche-fluessige-shea-seife\/#breadcrumb","itemListElement":[{"@type":"ListItem","position":1,"name":"Home","item":"https:\/\/afrisol.de\/german\/"},{"@type":"ListItem","position":2,"name":"Shop","item":"https:\/\/afrisol.de\/german\/index.php\/shop\/"},{"@type":"ListItem","position":3,"name":"Nat\u00fcrliche fl\u00fcssige Shea Seife"}]},{"@type":"WebSite","@id":"https:\/\/afrisol.de\/german\/#website","url":"https:\/\/afrisol.de\/german\/","name":"Kosmetik &amp; Wellness in Deutschland","description":"offer a wide range of products for Skin care, manicure, pedicure, Hair- &amp; Beardcare and general Wellness products, superfoods and medicinal herbs.  Check our webshop to explore the wealth of natural African treasures for Hair Salons, cosmetologists, and aestheticians as well as private users.","publisher":{"@id":"https:\/\/afrisol.de\/german\/#organization"},"potentialAction":[{"@type":"SearchAction","target":{"@type":"EntryPoint","urlTemplate":"https:\/\/afrisol.de\/german\/?s={search_term_string}"},"query-input":"required name=search_term_string"}],"inLanguage":"de"},{"@type":"Organization","@id":"https:\/\/afrisol.de\/german\/#organization","name":"Kosmetik &amp; Wellness in Deutschland","url":"https:\/\/afrisol.de\/german\/","logo":{"@type":"ImageObject","inLanguage":"de","@id":"https:\/\/afrisol.de\/german\/#\/schema\/logo\/image\/","url":"https:\/\/afrisol.de\/german\/wp-content\/uploads\/2020\/04\/logo-1.png","contentUrl":"https:\/\/afrisol.de\/german\/wp-content\/uploads\/2020\/04\/logo-1.png","width":90,"height":94,"caption":"Kosmetik &amp; Wellness in Deutschland"},"image":{"@id":"https:\/\/afrisol.de\/german\/#\/schema\/logo\/image\/"}}]}},"_links":{"self":[{"href":"https:\/\/afrisol.de\/german\/index.php\/wp-json\/wp\/v2\/product\/80"}],"collection":[{"href":"https:\/\/afrisol.de\/german\/index.php\/wp-json\/wp\/v2\/product"}],"about":[{"href":"https:\/\/afrisol.de\/german\/index.php\/wp-json\/wp\/v2\/types\/product"}],"replies":[{"embeddable":true,"href":"https:\/\/afrisol.de\/german\/index.php\/wp-json\/wp\/v2\/comments?post=80"}],"wp:featuredmedia":[{"embeddable":true,"href":"https:\/\/afrisol.de\/german\/index.php\/wp-json\/wp\/v2\/media\/81"}],"wp:attachment":[{"href":"https:\/\/afrisol.de\/german\/index.php\/wp-json\/wp\/v2\/media?parent=80"}],"wp:term":[{"taxonomy":"product_cat","embeddable":true,"href":"https:\/\/afrisol.de\/german\/index.php\/wp-json\/wp\/v2\/product_cat?post=80"},{"taxonomy":"product_tag","embeddable":true,"href":"https:\/\/afrisol.de\/german\/index.php\/wp-json\/wp\/v2\/product_tag?post=80"}],"curies":[{"name":"wp","href":"https:\/\/api.w.org\/{rel}","templated":true}]}}