{"id":82,"date":"2020-04-05T02:41:33","date_gmt":"2020-04-05T02:41:33","guid":{"rendered":"http:\/\/afrisol.de\/german\/?post_type=product&#038;p=82"},"modified":"2020-04-05T02:41:34","modified_gmt":"2020-04-05T02:41:34","slug":"afrikanischer-hibiskus-tee-100-gr","status":"publish","type":"product","link":"https:\/\/afrisol.de\/german\/index.php\/produkt\/afrikanischer-hibiskus-tee-100-gr\/","title":{"rendered":"Afrikanischer Hibiskus Tee 100 gr"},"content":{"rendered":"<table class=\"woocommerce-product-attributes shop_attributes\">\n<tbody>\n<tr class=\"woocommerce-product-attributes-item woocommerce-product-attributes-item--weight\">\n<th class=\"woocommerce-product-attributes-item__label\">Weight<\/th>\n<td class=\"woocommerce-product-attributes-item__value\">0.13 kg<\/td>\n<\/tr>\n<\/tbody>\n<\/table>\n","protected":false},"excerpt":{"rendered":"<p>Hocharomatischer Tee enth\u00e4lt viel Vitamin C sowie Spurenelemente, intensiv rote Farbe.<br \/>\nBekannt daf\u00fcr, Bluthochdruck zu senken.<br \/>\nAuch lecker und durstl\u00f6schend wie Eistee.<br \/>\nPulverf\u00f6rmige Bl\u00fctenbl\u00e4tter werden als Farbstoff in Kosmetika verwendet.<\/p>\n","protected":false},"featured_media":83,"comment_status":"open","ping_status":"closed","template":"","meta":[],"product_cat":[20],"product_tag":[],"yoast_head":"<!-- This site is optimized with the Yoast SEO plugin v22.7 - https:\/\/yoast.com\/wordpress\/plugins\/seo\/ -->\n<title>Afrikanischer Hibiskus Tee 100 gr - Kosmetik &amp; Wellness in Deutschland<\/title>\n<meta name=\"robots\" content=\"index, follow, max-snippet:-1, max-image-preview:large, max-video-preview:-1\" \/>\n<link rel=\"canonical\" href=\"https:\/\/afrisol.de\/german\/index.php\/produkt\/afrikanischer-hibiskus-tee-100-gr\/\" \/>\n<meta property=\"og:locale\" content=\"de_DE\" \/>\n<meta property=\"og:type\" content=\"article\" \/>\n<meta property=\"og:title\" content=\"Afrikanischer Hibiskus Tee 100 gr - Kosmetik &amp; Wellness in Deutschland\" \/>\n<meta property=\"og:description\" content=\"Hocharomatischer Tee enth\u00e4lt viel Vitamin C sowie Spurenelemente, intensiv rote Farbe. Bekannt daf\u00fcr, Bluthochdruck zu senken. Auch lecker und durstl\u00f6schend wie Eistee. Pulverf\u00f6rmige Bl\u00fctenbl\u00e4tter werden als Farbstoff in Kosmetika verwendet.\" \/>\n<meta property=\"og:url\" content=\"https:\/\/afrisol.de\/german\/index.php\/produkt\/afrikanischer-hibiskus-tee-100-gr\/\" \/>\n<meta property=\"og:site_name\" content=\"Kosmetik &amp; Wellness in Deutschland\" \/>\n<meta property=\"article:modified_time\" content=\"2020-04-05T02:41:34+00:00\" \/>\n<meta property=\"og:image\" content=\"https:\/\/afrisol.de\/german\/wp-content\/uploads\/2020\/04\/new1.jpg\" \/>\n\t<meta property=\"og:image:width\" content=\"355\" \/>\n\t<meta property=\"og:image:height\" content=\"266\" \/>\n\t<meta property=\"og:image:type\" content=\"image\/jpeg\" \/>\n<meta name=\"twitter:card\" content=\"summary_large_image\" \/>\n<script type=\"application\/ld+json\" class=\"yoast-schema-graph\">{\"@context\":\"https:\/\/schema.org\",\"@graph\":[{\"@type\":\"WebPage\",\"@id\":\"https:\/\/afrisol.de\/german\/index.php\/produkt\/afrikanischer-hibiskus-tee-100-gr\/\",\"url\":\"https:\/\/afrisol.de\/german\/index.php\/produkt\/afrikanischer-hibiskus-tee-100-gr\/\",\"name\":\"Afrikanischer Hibiskus Tee 100 gr - Kosmetik &amp; Wellness in Deutschland\",\"isPartOf\":{\"@id\":\"https:\/\/afrisol.de\/german\/#website\"},\"primaryImageOfPage\":{\"@id\":\"https:\/\/afrisol.de\/german\/index.php\/produkt\/afrikanischer-hibiskus-tee-100-gr\/#primaryimage\"},\"image\":{\"@id\":\"https:\/\/afrisol.de\/german\/index.php\/produkt\/afrikanischer-hibiskus-tee-100-gr\/#primaryimage\"},\"thumbnailUrl\":\"https:\/\/afrisol.de\/german\/wp-content\/uploads\/2020\/04\/new1.jpg\",\"datePublished\":\"2020-04-05T02:41:33+00:00\",\"dateModified\":\"2020-04-05T02:41:34+00:00\",\"breadcrumb\":{\"@id\":\"https:\/\/afrisol.de\/german\/index.php\/produkt\/afrikanischer-hibiskus-tee-100-gr\/#breadcrumb\"},\"inLanguage\":\"de\",\"potentialAction\":[{\"@type\":\"ReadAction\",\"target\":[\"https:\/\/afrisol.de\/german\/index.php\/produkt\/afrikanischer-hibiskus-tee-100-gr\/\"]}]},{\"@type\":\"ImageObject\",\"inLanguage\":\"de\",\"@id\":\"https:\/\/afrisol.de\/german\/index.php\/produkt\/afrikanischer-hibiskus-tee-100-gr\/#primaryimage\",\"url\":\"https:\/\/afrisol.de\/german\/wp-content\/uploads\/2020\/04\/new1.jpg\",\"contentUrl\":\"https:\/\/afrisol.de\/german\/wp-content\/uploads\/2020\/04\/new1.jpg\",\"width\":355,\"height\":266},{\"@type\":\"BreadcrumbList\",\"@id\":\"https:\/\/afrisol.de\/german\/index.php\/produkt\/afrikanischer-hibiskus-tee-100-gr\/#breadcrumb\",\"itemListElement\":[{\"@type\":\"ListItem\",\"position\":1,\"name\":\"Home\",\"item\":\"https:\/\/afrisol.de\/german\/\"},{\"@type\":\"ListItem\",\"position\":2,\"name\":\"Shop\",\"item\":\"https:\/\/afrisol.de\/german\/index.php\/shop\/\"},{\"@type\":\"ListItem\",\"position\":3,\"name\":\"Afrikanischer Hibiskus Tee 100 gr\"}]},{\"@type\":\"WebSite\",\"@id\":\"https:\/\/afrisol.de\/german\/#website\",\"url\":\"https:\/\/afrisol.de\/german\/\",\"name\":\"Kosmetik &amp; Wellness in Deutschland\",\"description\":\"offer a wide range of products for Skin care, manicure, pedicure, Hair- &amp; Beardcare and general Wellness products, superfoods and medicinal herbs.  Check our webshop to explore the wealth of natural African treasures for Hair Salons, cosmetologists, and aestheticians as well as private users.\",\"publisher\":{\"@id\":\"https:\/\/afrisol.de\/german\/#organization\"},\"potentialAction\":[{\"@type\":\"SearchAction\",\"target\":{\"@type\":\"EntryPoint\",\"urlTemplate\":\"https:\/\/afrisol.de\/german\/?s={search_term_string}\"},\"query-input\":\"required name=search_term_string\"}],\"inLanguage\":\"de\"},{\"@type\":\"Organization\",\"@id\":\"https:\/\/afrisol.de\/german\/#organization\",\"name\":\"Kosmetik &amp; Wellness in Deutschland\",\"url\":\"https:\/\/afrisol.de\/german\/\",\"logo\":{\"@type\":\"ImageObject\",\"inLanguage\":\"de\",\"@id\":\"https:\/\/afrisol.de\/german\/#\/schema\/logo\/image\/\",\"url\":\"https:\/\/afrisol.de\/german\/wp-content\/uploads\/2020\/04\/logo-1.png\",\"contentUrl\":\"https:\/\/afrisol.de\/german\/wp-content\/uploads\/2020\/04\/logo-1.png\",\"width\":90,\"height\":94,\"caption\":\"Kosmetik &amp; Wellness in Deutschland\"},\"image\":{\"@id\":\"https:\/\/afrisol.de\/german\/#\/schema\/logo\/image\/\"}}]}<\/script>\n<!-- \/ Yoast SEO plugin. -->","yoast_head_json":{"title":"Afrikanischer Hibiskus Tee 100 gr - Kosmetik &amp; Wellness in Deutschland","robots":{"index":"index","follow":"follow","max-snippet":"max-snippet:-1","max-image-preview":"max-image-preview:large","max-video-preview":"max-video-preview:-1"},"canonical":"https:\/\/afrisol.de\/german\/index.php\/produkt\/afrikanischer-hibiskus-tee-100-gr\/","og_locale":"de_DE","og_type":"article","og_title":"Afrikanischer Hibiskus Tee 100 gr - Kosmetik &amp; Wellness in Deutschland","og_description":"Hocharomatischer Tee enth\u00e4lt viel Vitamin C sowie Spurenelemente, intensiv rote Farbe. Bekannt daf\u00fcr, Bluthochdruck zu senken. Auch lecker und durstl\u00f6schend wie Eistee. Pulverf\u00f6rmige Bl\u00fctenbl\u00e4tter werden als Farbstoff in Kosmetika verwendet.","og_url":"https:\/\/afrisol.de\/german\/index.php\/produkt\/afrikanischer-hibiskus-tee-100-gr\/","og_site_name":"Kosmetik &amp; Wellness in Deutschland","article_modified_time":"2020-04-05T02:41:34+00:00","og_image":[{"width":355,"height":266,"url":"https:\/\/afrisol.de\/german\/wp-content\/uploads\/2020\/04\/new1.jpg","type":"image\/jpeg"}],"twitter_card":"summary_large_image","schema":{"@context":"https:\/\/schema.org","@graph":[{"@type":"WebPage","@id":"https:\/\/afrisol.de\/german\/index.php\/produkt\/afrikanischer-hibiskus-tee-100-gr\/","url":"https:\/\/afrisol.de\/german\/index.php\/produkt\/afrikanischer-hibiskus-tee-100-gr\/","name":"Afrikanischer Hibiskus Tee 100 gr - Kosmetik &amp; Wellness in Deutschland","isPartOf":{"@id":"https:\/\/afrisol.de\/german\/#website"},"primaryImageOfPage":{"@id":"https:\/\/afrisol.de\/german\/index.php\/produkt\/afrikanischer-hibiskus-tee-100-gr\/#primaryimage"},"image":{"@id":"https:\/\/afrisol.de\/german\/index.php\/produkt\/afrikanischer-hibiskus-tee-100-gr\/#primaryimage"},"thumbnailUrl":"https:\/\/afrisol.de\/german\/wp-content\/uploads\/2020\/04\/new1.jpg","datePublished":"2020-04-05T02:41:33+00:00","dateModified":"2020-04-05T02:41:34+00:00","breadcrumb":{"@id":"https:\/\/afrisol.de\/german\/index.php\/produkt\/afrikanischer-hibiskus-tee-100-gr\/#breadcrumb"},"inLanguage":"de","potentialAction":[{"@type":"ReadAction","target":["https:\/\/afrisol.de\/german\/index.php\/produkt\/afrikanischer-hibiskus-tee-100-gr\/"]}]},{"@type":"ImageObject","inLanguage":"de","@id":"https:\/\/afrisol.de\/german\/index.php\/produkt\/afrikanischer-hibiskus-tee-100-gr\/#primaryimage","url":"https:\/\/afrisol.de\/german\/wp-content\/uploads\/2020\/04\/new1.jpg","contentUrl":"https:\/\/afrisol.de\/german\/wp-content\/uploads\/2020\/04\/new1.jpg","width":355,"height":266},{"@type":"BreadcrumbList","@id":"https:\/\/afrisol.de\/german\/index.php\/produkt\/afrikanischer-hibiskus-tee-100-gr\/#breadcrumb","itemListElement":[{"@type":"ListItem","position":1,"name":"Home","item":"https:\/\/afrisol.de\/german\/"},{"@type":"ListItem","position":2,"name":"Shop","item":"https:\/\/afrisol.de\/german\/index.php\/shop\/"},{"@type":"ListItem","position":3,"name":"Afrikanischer Hibiskus Tee 100 gr"}]},{"@type":"WebSite","@id":"https:\/\/afrisol.de\/german\/#website","url":"https:\/\/afrisol.de\/german\/","name":"Kosmetik &amp; Wellness in Deutschland","description":"offer a wide range of products for Skin care, manicure, pedicure, Hair- &amp; Beardcare and general Wellness products, superfoods and medicinal herbs.  Check our webshop to explore the wealth of natural African treasures for Hair Salons, cosmetologists, and aestheticians as well as private users.","publisher":{"@id":"https:\/\/afrisol.de\/german\/#organization"},"potentialAction":[{"@type":"SearchAction","target":{"@type":"EntryPoint","urlTemplate":"https:\/\/afrisol.de\/german\/?s={search_term_string}"},"query-input":"required name=search_term_string"}],"inLanguage":"de"},{"@type":"Organization","@id":"https:\/\/afrisol.de\/german\/#organization","name":"Kosmetik &amp; Wellness in Deutschland","url":"https:\/\/afrisol.de\/german\/","logo":{"@type":"ImageObject","inLanguage":"de","@id":"https:\/\/afrisol.de\/german\/#\/schema\/logo\/image\/","url":"https:\/\/afrisol.de\/german\/wp-content\/uploads\/2020\/04\/logo-1.png","contentUrl":"https:\/\/afrisol.de\/german\/wp-content\/uploads\/2020\/04\/logo-1.png","width":90,"height":94,"caption":"Kosmetik &amp; Wellness in Deutschland"},"image":{"@id":"https:\/\/afrisol.de\/german\/#\/schema\/logo\/image\/"}}]}},"_links":{"self":[{"href":"https:\/\/afrisol.de\/german\/index.php\/wp-json\/wp\/v2\/product\/82"}],"collection":[{"href":"https:\/\/afrisol.de\/german\/index.php\/wp-json\/wp\/v2\/product"}],"about":[{"href":"https:\/\/afrisol.de\/german\/index.php\/wp-json\/wp\/v2\/types\/product"}],"replies":[{"embeddable":true,"href":"https:\/\/afrisol.de\/german\/index.php\/wp-json\/wp\/v2\/comments?post=82"}],"wp:featuredmedia":[{"embeddable":true,"href":"https:\/\/afrisol.de\/german\/index.php\/wp-json\/wp\/v2\/media\/83"}],"wp:attachment":[{"href":"https:\/\/afrisol.de\/german\/index.php\/wp-json\/wp\/v2\/media?parent=82"}],"wp:term":[{"taxonomy":"product_cat","embeddable":true,"href":"https:\/\/afrisol.de\/german\/index.php\/wp-json\/wp\/v2\/product_cat?post=82"},{"taxonomy":"product_tag","embeddable":true,"href":"https:\/\/afrisol.de\/german\/index.php\/wp-json\/wp\/v2\/product_tag?post=82"}],"curies":[{"name":"wp","href":"https:\/\/api.w.org\/{rel}","templated":true}]}}